{"id":777,"date":"2023-09-01T15:29:27","date_gmt":"2023-09-01T13:29:27","guid":{"rendered":"https:\/\/marrakechinsiders.com\/?page_id=777"},"modified":"2026-01-13T19:42:54","modified_gmt":"2026-01-13T18:42:54","slug":"conditions-generales","status":"publish","type":"page","link":"https:\/\/www.marrakechinsiders.com\/fr\/conditions-generales\/","title":{"rendered":"Termes et conditions"},"content":{"rendered":"<div data-elementor-type=\"wp-page\" data-elementor-id=\"777\" class=\"elementor elementor-777\" data-elementor-post-type=\"page\">\n\t\t\t\t\t\t<section class=\"elementor-section elementor-top-section elementor-element elementor-element-49dbccf elementor-section-full_width elementor-section-height-default elementor-section-height-default\" data-id=\"49dbccf\" data-element_type=\"section\" data-e-type=\"section\">\n\t\t\t\t\t\t<div class=\"elementor-container elementor-column-gap-default\">\n\t\t\t\t\t<div class=\"elementor-column elementor-col-100 elementor-top-column elementor-element elementor-element-79913c5\" data-id=\"79913c5\" data-element_type=\"column\" data-e-type=\"column\">\n\t\t\t<div class=\"elementor-widget-wrap elementor-element-populated\">\n\t\t\t\t\t\t<div class=\"elementor-element elementor-element-6fc2441 elementor-widget elementor-widget-heading\" data-id=\"6fc2441\" data-element_type=\"widget\" data-e-type=\"widget\" data-widget_type=\"heading.default\">\n\t\t\t\t<div class=\"elementor-widget-container\">\n\t\t\t\t\t<h1 class=\"elementor-heading-title elementor-size-default\">Conditions g\u00e9n\u00e9rales d'utilisation<\/h1>\t\t\t\t<\/div>\n\t\t\t\t<\/div>\n\t\t\t\t<div class=\"elementor-element elementor-element-a51470b elementor-widget__width-initial elementor-widget elementor-widget-text-editor\" data-id=\"a51470b\" data-element_type=\"widget\" data-e-type=\"widget\" data-widget_type=\"text-editor.default\">\n\t\t\t\t<div class=\"elementor-widget-container\">\n\t\t\t\t\t\t\t\t\t<p><span style=\"color: var( --e-global-color-text ); font-family: var( --e-global-typography-text-font-family ), Sans-serif; font-weight: var( --e-global-typography-text-font-weight ); background-color: var(--wp--preset--color--background); font-size: var(--wp--preset--font-size--medium);\">Conditions g\u00e9n\u00e9rales - Le pr\u00e9sent accord (ci-apr\u00e8s d\u00e9nomm\u00e9 \u00ab l'accord \u00bb) est conclu entre :<\/span><\/p><ol><li>Insiders Ltd, soci\u00e9t\u00e9 de droit hongkongais ayant conclu un accord d'exclusivit\u00e9 pour repr\u00e9senter la soci\u00e9t\u00e9 connue sous le nom commercial de MARRAKECH INSIDERS pour toutes les activit\u00e9s en ligne, ci-apr\u00e8s d\u00e9nomm\u00e9e \u00ab INSIDERS LTD \u00bb.<\/li><\/ol><p>D'une part<\/p><ul><li>ET2. Le client, ci-apr\u00e8s d\u00e9nomm\u00e9 \u00ab le client \u00bb<\/li><li>D'autre part<\/li><\/ul><p>INSIDERS LTD et le client sont ci-apr\u00e8s d\u00e9sign\u00e9s collectivement comme les \u00ab parties \u00bb et individuellement comme une \u00ab partie \u00bb.<\/p><p>R\u00e9citals :<\/p><p class=\"translation-block\"><span style=\"color: var(--e-global-color-text);font-family: var(--e-global-typography-text-font-family), Sans-serif;font-weight: var(--e-global-typography-text-font-weight);font-size: var(--global--font-size-base)\">INSIDERS<\/span>\n<span style=\"color: var(--e-global-color-text);font-family: var(--e-global-typography-text-font-family), Sans-serif;font-weight: var(--e-global-typography-text-font-weight);font-size: var(--global--font-size-base)\">\nLTD est une entreprise qui propose des services li\u00e9s \u00e0 des v\u00e9hicules sp\u00e9cifiques tels que les side-cars et les voitures vintage, dans diff\u00e9rentes r\u00e9gions, y compris le Maroc (ci-apr\u00e8s d\u00e9nomm\u00e9 le \u00ab Service \u00bb).\n<\/span><\/p><p class=\"translation-block\">(ii) Le client a accept\u00e9 d'utiliser les services fournis par <span style=\"color : var( --e-global-color-text );font-family : var( --e-global-typography-text-font-family ), Sans-serif;font-weight : var( --e-global-typography-text-font-weight );font-size : var(--global--font-size-base)\">INSIDERS<\/span><span style=\"color : var( --e-global-color-text );font-family : var( --e-global-typography-text-font-family ), Sans-serif;font-weight : var( --e-global-typography-text-font-weight );font-size : var(--global--font-size-base)\"> LTD, et <\/span><span style=\"color : var( --e-global-color-text );font-family : var( --e-global-typography-text-font-family ), Sans-serif;font-weight : var( --e-global-typography-text-font-weight );font-size : var(--global--font-size-base)\">INSIDERS<\/span><span style=\"color : var( --e-global-color-text );font-family : var( --e-global-typography-text-font-family ), Sans-serif;font-size : var(--global--font-size-base);font-weight : var( --e-global-typography-text-font-weight )\"> LTD a accept\u00e9 de fournir ces services, tels que d\u00e9finis dans le pr\u00e9sent accord. Il est donc convenu de ce qui suit:<\/span>.<\/p><ol><li><b>DESCRIPTION DES SERVICES<\/b><\/li><\/ol><p class=\"translation-block\"><span style=\"color: var(--e-global-color-text);font-family: var(--e-global-typography-text-font-family), Sans-serif;font-weight: var(--e-global-typography-text-font-weight);font-size: var(--global--font-size-base)\">INSIDERS<\/span>\n<span style=\"color: var(--e-global-color-text);font-family: var(--e-global-typography-text-font-family), Sans-serif;font-weight: var(--e-global-typography-text-font-weight);font-size: var(--global--font-size-base)\">\nLTD est une entreprise qui propose des services li\u00e9s \u00e0 des v\u00e9hicules sp\u00e9cifiques tels que les side-cars et les voitures vintage, dans diff\u00e9rentes r\u00e9gions, y compris le Maroc (ci-apr\u00e8s d\u00e9nomm\u00e9 le \u00ab Service \u00bb).\n<\/span><\/p><p>1.2 Les services dans le(s) side-car(s) seront fournis exclusivement \u00e0 toute personne \u00e2g\u00e9e de plus de 17 ans et capable de monter dans un side-car, \u00e0 l'appr\u00e9ciation du conducteur. Pour les enfants \u00e2g\u00e9s de 12 \u00e0 17 ans, une personne \u00e2g\u00e9e d'au moins 17 ans doit se trouver \u00e0 bord du v\u00e9hicule. Pour les enfants \u00e2g\u00e9s de moins de 12 ans, une personne \u00e2g\u00e9e d'au moins 17 ans doit prendre place avec eux dans le side-car attach\u00e9 \u00e0 la moto.<\/p><p class=\"translation-block\"><span style=\"color: var(--e-global-color-text);font-family: var(--e-global-typography-text-font-family), Sans-serif;font-weight: var(--e-global-typography-text-font-weight);font-size: var(--global--font-size-base)\">INSIDERS<\/span>\n<span style=\"color: var(--e-global-color-text);font-family: var(--e-global-typography-text-font-family), Sans-serif;font-weight: var(--e-global-typography-text-font-weight);font-size: var(--global--font-size-base)\">\nLTD est une entreprise qui propose des services li\u00e9s \u00e0 des v\u00e9hicules sp\u00e9cifiques tels que les side-cars et les voitures vintage, dans diff\u00e9rentes r\u00e9gions, y compris le Maroc (ci-apr\u00e8s d\u00e9nomm\u00e9 le \u00ab Service \u00bb).\n<\/span><\/p><ol start=\"2\"><li><b>FRAIS DE SERVICE<\/b><\/li><\/ol><p class=\"translation-block\"><span style=\"color: var(--e-global-color-text);font-family: var(--e-global-typography-text-font-family), Sans-serif;font-weight: var(--e-global-typography-text-font-weight);font-size: var(--global--font-size-base)\">INSIDERS<\/span>\n<span style=\"color: var(--e-global-color-text);font-family: var(--e-global-typography-text-font-family), Sans-serif;font-weight: var(--e-global-typography-text-font-weight);font-size: var(--global--font-size-base)\">\nLTD est une entreprise qui propose des services li\u00e9s \u00e0 des v\u00e9hicules sp\u00e9cifiques tels que les side-cars et les voitures vintage, dans diff\u00e9rentes r\u00e9gions, y compris le Maroc (ci-apr\u00e8s d\u00e9nomm\u00e9 le \u00ab Service \u00bb).\n<\/span><\/p><p class=\"translation-block\"><span style=\"color: var(--e-global-color-text);font-family: var(--e-global-typography-text-font-family), Sans-serif;font-weight: var(--e-global-typography-text-font-weight);font-size: var(--global--font-size-base)\">INSIDERS<\/span>\n<span style=\"color: var(--e-global-color-text);font-family: var(--e-global-typography-text-font-family), Sans-serif;font-weight: var(--e-global-typography-text-font-weight);font-size: var(--global--font-size-base)\">\nLTD est une entreprise qui propose des services li\u00e9s \u00e0 des v\u00e9hicules sp\u00e9cifiques tels que les side-cars et les voitures vintage, dans diff\u00e9rentes r\u00e9gions, y compris le Maroc (ci-apr\u00e8s d\u00e9nomm\u00e9 le \u00ab Service \u00bb).\n<\/span><\/p><p>2.3 Les paiements des frais de service sont dus \u00e0 la date de facturation.<\/p><p class=\"translation-block\"><span style=\"color: var(--e-global-color-text);font-family: var(--e-global-typography-text-font-family), Sans-serif;font-weight: var(--e-global-typography-text-font-weight);font-size: var(--global--font-size-base)\">INSIDERS<\/span>\n<span style=\"color: var(--e-global-color-text);font-family: var(--e-global-typography-text-font-family), Sans-serif;font-weight: var(--e-global-typography-text-font-weight);font-size: var(--global--font-size-base)\">\nLTD est une entreprise qui propose des services li\u00e9s \u00e0 des v\u00e9hicules sp\u00e9cifiques tels que les side-cars et les voitures vintage, dans diff\u00e9rentes r\u00e9gions, y compris le Maroc (ci-apr\u00e8s d\u00e9nomm\u00e9 le \u00ab Service \u00bb).\n<\/span><\/p><p>2.4 Les frais de service comprennent exclusivement :<\/p><p>(i) La redevance sur les v\u00e9hicules ;<\/p><p>(ii) la redevance sur les carburants ;<\/p><p>(iii) la r\u00e9mun\u00e9ration du conducteur ;<\/p><p>(En cas de prise en charge \u00e0 l'a\u00e9roport, un temps d'attente d'une heure \u00e0 compter de la prise en charge est convenu par \u00e9crit. En cas de d\u00e9passement, chaque heure suppl\u00e9mentaire sera factur\u00e9e. Toute heure entam\u00e9e est factur\u00e9e dans son int\u00e9gralit\u00e9.<\/p><p>2.5 Les frais de service ne comprennent aucune taxe. Les frais de service excluent \u00e9galement tous les co\u00fbts et d\u00e9penses qui n'ont pas \u00e9t\u00e9 indiqu\u00e9s ci-dessus \u00e0 l'article 2.3, et par exemple :<\/p><p>(i) Redevance de p\u00e9age ;<\/p><p>(ii) Frais d'entr\u00e9e ou d'acc\u00e8s au site.<\/p><p class=\"translation-block\"><span style=\"color: var(--e-global-color-text);font-family: var(--e-global-typography-text-font-family), Sans-serif;font-weight: var(--e-global-typography-text-font-weight);font-size: var(--global--font-size-base)\">INSIDERS<\/span>\n<span style=\"color: var(--e-global-color-text);font-family: var(--e-global-typography-text-font-family), Sans-serif;font-weight: var(--e-global-typography-text-font-weight);font-size: var(--global--font-size-base)\">\nLTD est une entreprise qui propose des services li\u00e9s \u00e0 des v\u00e9hicules sp\u00e9cifiques tels que les side-cars et les voitures vintage, dans diff\u00e9rentes r\u00e9gions, y compris le Maroc (ci-apr\u00e8s d\u00e9nomm\u00e9 le \u00ab Service \u00bb).\n<\/span><\/p><ol start=\"3\"><li><b>POLITIQUE D'ANNULATION<\/b><\/li><\/ol><p class=\"translation-block\"><span style=\"color: var(--e-global-color-text);font-family: var(--e-global-typography-text-font-family), Sans-serif;font-weight: var(--e-global-typography-text-font-weight);font-size: var(--global--font-size-base)\">INSIDERS<\/span>\n<span style=\"color: var(--e-global-color-text);font-family: var(--e-global-typography-text-font-family), Sans-serif;font-weight: var(--e-global-typography-text-font-weight);font-size: var(--global--font-size-base)\">\nLTD est une entreprise qui propose des services li\u00e9s \u00e0 des v\u00e9hicules sp\u00e9cifiques tels que les side-cars et les voitures vintage, dans diff\u00e9rentes r\u00e9gions, y compris le Maroc (ci-apr\u00e8s d\u00e9nomm\u00e9 le \u00ab Service \u00bb).\n<\/span><\/p><p class=\"translation-block\"><span style=\"color: var(--e-global-color-text);font-family: var(--e-global-typography-text-font-family), Sans-serif;font-weight: var(--e-global-typography-text-font-weight);font-size: var(--global--font-size-base)\">INSIDERS<\/span>\n<span style=\"color: var(--e-global-color-text);font-family: var(--e-global-typography-text-font-family), Sans-serif;font-weight: var(--e-global-typography-text-font-weight);font-size: var(--global--font-size-base)\">\nLTD est une entreprise qui propose des services li\u00e9s \u00e0 des v\u00e9hicules sp\u00e9cifiques tels que les side-cars et les voitures vintage, dans diff\u00e9rentes r\u00e9gions, y compris le Maroc (ci-apr\u00e8s d\u00e9nomm\u00e9 le \u00ab Service \u00bb).\n<\/span><\/p><p class=\"translation-block\">3.1.2 50\u00a0% du montant des frais de Service si \n<span style=\"color: var(--e-global-color-text);font-family: var(--e-global-typography-text-font-family), Sans-serif;font-weight: var(--e-global-typography-text-font-weight);font-size: var(--global--font-size-base)\">INSIDERS<\/span>\n<span style=\"color: var(--e-global-color-text);font-family: var(--e-global-typography-text-font-family), Sans-serif;font-weight: var(--e-global-typography-text-font-weight);font-size: var(--global--font-size-base)\">\nLTD re\u00e7oit l\u2019annulation par \u00e9crit \u00e0 l\u2019adresse de\n<\/span>\n<span style=\"color: var(--e-global-color-text);font-family: var(--e-global-typography-text-font-family), Sans-serif;font-weight: var(--e-global-typography-text-font-weight);font-size: var(--global--font-size-base)\">INSIDERS<\/span>\n<span style=\"color: var(--e-global-color-text);font-family: var(--e-global-typography-text-font-family), Sans-serif;font-size: var(--global--font-size-base);font-weight: var(--e-global-typography-text-font-weight)\">\nLTD au moins 48 heures avant la date pr\u00e9vue du Service.\n<\/span><\/p><p class=\"translation-block\"><span style=\"color: var(--e-global-color-text);font-family: var(--e-global-typography-text-font-family), Sans-serif;font-weight: var(--e-global-typography-text-font-weight);font-size: var(--global--font-size-base)\">INSIDERS<\/span>\n<span style=\"color: var(--e-global-color-text);font-family: var(--e-global-typography-text-font-family), Sans-serif;font-weight: var(--e-global-typography-text-font-weight);font-size: var(--global--font-size-base)\">\nLTD est une entreprise qui propose des services li\u00e9s \u00e0 des v\u00e9hicules sp\u00e9cifiques tels que les side-cars et les voitures vintage, dans diff\u00e9rentes r\u00e9gions, y compris le Maroc (ci-apr\u00e8s d\u00e9nomm\u00e9 le \u00ab Service \u00bb).\n<\/span><\/p><p class=\"translation-block\"><span style=\"color: var(--e-global-color-text);font-family: var(--e-global-typography-text-font-family), Sans-serif;font-weight: var(--e-global-typography-text-font-weight);font-size: var(--global--font-size-base)\">INSIDERS<\/span>\n<span style=\"color: var(--e-global-color-text);font-family: var(--e-global-typography-text-font-family), Sans-serif;font-weight: var(--e-global-typography-text-font-weight);font-size: var(--global--font-size-base)\">\nLTD est une entreprise qui propose des services li\u00e9s \u00e0 des v\u00e9hicules sp\u00e9cifiques tels que les side-cars et les voitures vintage, dans diff\u00e9rentes r\u00e9gions, y compris le Maroc (ci-apr\u00e8s d\u00e9nomm\u00e9 le \u00ab Service \u00bb).\n<\/span><\/p><p class=\"translation-block\">3.1.2 50\u00a0% du montant des frais de Service si \n<span style=\"color: var(--e-global-color-text);font-family: var(--e-global-typography-text-font-family), Sans-serif;font-weight: var(--e-global-typography-text-font-weight);font-size: var(--global--font-size-base)\">INSIDERS<\/span>\n<span style=\"color: var(--e-global-color-text);font-family: var(--e-global-typography-text-font-family), Sans-serif;font-weight: var(--e-global-typography-text-font-weight);font-size: var(--global--font-size-base)\">\nLTD re\u00e7oit l\u2019annulation par \u00e9crit \u00e0 l\u2019adresse de\n<\/span>\n<span style=\"color: var(--e-global-color-text);font-family: var(--e-global-typography-text-font-family), Sans-serif;font-weight: var(--e-global-typography-text-font-weight);font-size: var(--global--font-size-base)\">INSIDERS<\/span>\n<span style=\"color: var(--e-global-color-text);font-family: var(--e-global-typography-text-font-family), Sans-serif;font-size: var(--global--font-size-base);font-weight: var(--e-global-typography-text-font-weight)\">\nLTD au moins 48 heures avant la date pr\u00e9vue du Service.\n<\/span><\/p><ol start=\"4\"><li><b>PASSIF<\/b><\/li><\/ol><p>4.1 Les passagers doivent respecter les r\u00e8gles applicables localement et se conformer \u00e0 toutes les instructions du conducteur. Le conducteur peut d\u00e9cider de suspendre ou d'interrompre la fourniture des services si le comportement du passager n'est pas jug\u00e9 acceptable par le conducteur.<\/p><p>4.2 L'introduction de nourriture et de boissons dans les v\u00e9hicules ainsi que la consommation de nourriture et de boissons dans les v\u00e9hicules sont soumises \u00e0 l'approbation du conducteur au cas par cas.<\/p><p class=\"translation-block\"><span style=\"color: var(--e-global-color-text);font-family: var(--e-global-typography-text-font-family), Sans-serif;font-weight: var(--e-global-typography-text-font-weight);font-size: var(--global--font-size-base)\">INSIDERS<\/span>\n<span style=\"color: var(--e-global-color-text);font-family: var(--e-global-typography-text-font-family), Sans-serif;font-weight: var(--e-global-typography-text-font-weight);font-size: var(--global--font-size-base)\">\nLTD est une entreprise qui propose des services li\u00e9s \u00e0 des v\u00e9hicules sp\u00e9cifiques tels que les side-cars et les voitures vintage, dans diff\u00e9rentes r\u00e9gions, y compris le Maroc (ci-apr\u00e8s d\u00e9nomm\u00e9 le \u00ab Service \u00bb).\n<\/span><\/p><p class=\"translation-block\"><span style=\"color: var(--e-global-color-text);font-family: var(--e-global-typography-text-font-family), Sans-serif;font-weight: var(--e-global-typography-text-font-weight);font-size: var(--global--font-size-base)\">INSIDERS<\/span>\n<span style=\"color: var(--e-global-color-text);font-family: var(--e-global-typography-text-font-family), Sans-serif;font-weight: var(--e-global-typography-text-font-weight);font-size: var(--global--font-size-base)\">\nLTD est une entreprise qui propose des services li\u00e9s \u00e0 des v\u00e9hicules sp\u00e9cifiques tels que les side-cars et les voitures vintage, dans diff\u00e9rentes r\u00e9gions, y compris le Maroc (ci-apr\u00e8s d\u00e9nomm\u00e9 le \u00ab Service \u00bb).\n<\/span><\/p><p class=\"translation-block\">3.1.2 50\u00a0% du montant des frais de Service si \n<span style=\"color: var(--e-global-color-text);font-family: var(--e-global-typography-text-font-family), Sans-serif;font-weight: var(--e-global-typography-text-font-weight);font-size: var(--global--font-size-base)\">INSIDERS<\/span>\n<span style=\"color: var(--e-global-color-text);font-family: var(--e-global-typography-text-font-family), Sans-serif;font-weight: var(--e-global-typography-text-font-weight);font-size: var(--global--font-size-base)\">\nLTD re\u00e7oit l\u2019annulation par \u00e9crit \u00e0 l\u2019adresse de\n<\/span>\n<span style=\"color: var(--e-global-color-text);font-family: var(--e-global-typography-text-font-family), Sans-serif;font-weight: var(--e-global-typography-text-font-weight);font-size: var(--global--font-size-base)\">INSIDERS<\/span>\n<span style=\"color: var(--e-global-color-text);font-family: var(--e-global-typography-text-font-family), Sans-serif;font-size: var(--global--font-size-base);font-weight: var(--e-global-typography-text-font-weight)\">\nLTD au moins 48 heures avant la date pr\u00e9vue du Service.\n<\/span><\/p><ol start=\"5\"><li><b>R\u00c8GLEMENT DES LITIGES<\/b><\/li><\/ol><p>5.1 Le pr\u00e9sent accord est r\u00e9gi et interpr\u00e9t\u00e9 conform\u00e9ment aux lois de Hong Kong.<\/p>\t\t\t\t\t\t\t\t<\/div>\n\t\t\t\t<\/div>\n\t\t\t\t\t<\/div>\n\t\t<\/div>\n\t\t\t\t\t<\/div>\n\t\t<\/section>\n\t\t\t\t<\/div>","protected":false},"excerpt":{"rendered":"<p>Conditions G\u00e9n\u00e9rales Ce contrat (ci-apr\u00e8s d\u00e9nomm\u00e9 le \u201c Contrat \u201d) est conclu entre : Insiders Ltd une soci\u00e9t\u00e9 constitu\u00e9e selon les lois de Hong Kong qui a un accord d'exclusivit\u00e9 pour repr\u00e9senter la soci\u00e9t\u00e9 connue commercialement sous le nom de MARRAKECH INSIDERS pour toutes les activit\u00e9s en ligne, ci-apr\u00e8s d\u00e9nomm\u00e9e \u201c INSIDERS LTD \u201d D'une part\u2026 <a class=\"more-link\" href=\"https:\/\/www.marrakechinsiders.com\/fr\/conditions-generales\/\">Continuer la lecture <span class=\"screen-reader-text\">Termes et conditions<\/span><\/a><\/p>","protected":false},"author":3,"featured_media":0,"parent":0,"menu_order":0,"comment_status":"closed","ping_status":"closed","template":"elementor_header_footer","meta":{"_acf_changed":false,"footnotes":""},"class_list":["post-777","page","type-page","status-publish","hentry","entry"],"acf":[],"_links":{"self":[{"href":"https:\/\/www.marrakechinsiders.com\/fr\/wp-json\/wp\/v2\/pages\/777","targetHints":{"allow":["GET"]}}],"collection":[{"href":"https:\/\/www.marrakechinsiders.com\/fr\/wp-json\/wp\/v2\/pages"}],"about":[{"href":"https:\/\/www.marrakechinsiders.com\/fr\/wp-json\/wp\/v2\/types\/page"}],"author":[{"embeddable":true,"href":"https:\/\/www.marrakechinsiders.com\/fr\/wp-json\/wp\/v2\/users\/3"}],"replies":[{"embeddable":true,"href":"https:\/\/www.marrakechinsiders.com\/fr\/wp-json\/wp\/v2\/comments?post=777"}],"version-history":[{"count":32,"href":"https:\/\/www.marrakechinsiders.com\/fr\/wp-json\/wp\/v2\/pages\/777\/revisions"}],"predecessor-version":[{"id":3740,"href":"https:\/\/www.marrakechinsiders.com\/fr\/wp-json\/wp\/v2\/pages\/777\/revisions\/3740"}],"wp:attachment":[{"href":"https:\/\/www.marrakechinsiders.com\/fr\/wp-json\/wp\/v2\/media?parent=777"}],"curies":[{"name":"wp","href":"https:\/\/api.w.org\/{rel}","templated":true}]}}