{"id":590,"date":"2023-08-31T17:33:34","date_gmt":"2023-08-31T15:33:34","guid":{"rendered":"http:\/\/marrakechinsiders.com\/?page_id=590"},"modified":"2025-06-27T16:45:50","modified_gmt":"2025-06-27T14:45:50","slug":"reserver-un-trajet","status":"publish","type":"page","link":"https:\/\/www.marrakechinsiders.com\/fr\/reserver-un-trajet\/","title":{"rendered":"BOOK A RIDE\u200b"},"content":{"rendered":"<div data-elementor-type=\"wp-page\" data-elementor-id=\"590\" class=\"elementor elementor-590\" data-elementor-post-type=\"page\">\n\t\t\t\t\t\t<section class=\"elementor-section elementor-top-section elementor-element elementor-element-d06508d elementor-section-boxed elementor-section-height-default elementor-section-height-default\" data-id=\"d06508d\" data-element_type=\"section\" data-e-type=\"section\">\n\t\t\t\t\t\t<div class=\"elementor-container elementor-column-gap-default\">\n\t\t\t\t\t<div class=\"elementor-column elementor-col-100 elementor-top-column elementor-element elementor-element-3fd858b\" data-id=\"3fd858b\" data-element_type=\"column\" data-e-type=\"column\">\n\t\t\t<div class=\"elementor-widget-wrap elementor-element-populated\">\n\t\t\t\t\t\t<div class=\"elementor-element elementor-element-3c055e4 elementor-widget elementor-widget-heading\" data-id=\"3c055e4\" data-element_type=\"widget\" data-e-type=\"widget\" data-widget_type=\"heading.default\">\n\t\t\t\t<div class=\"elementor-widget-container\">\n\t\t\t\t\t<h1 class=\"elementor-heading-title elementor-size-default\">D\u00e9couvrez Marrakech comme jamais auparavant<\/h1>\t\t\t\t<\/div>\n\t\t\t\t<\/div>\n\t\t\t\t<div class=\"elementor-element elementor-element-f4b839c elementor-widget elementor-widget-heading\" data-id=\"f4b839c\" data-element_type=\"widget\" data-e-type=\"widget\" data-widget_type=\"heading.default\">\n\t\t\t\t<div class=\"elementor-widget-container\">\n\t\t\t\t\t<h2 class=\"elementor-heading-title elementor-size-default\">Voyages sur mesure en side-car pour le voyageur curieux<\/h2>\t\t\t\t<\/div>\n\t\t\t\t<\/div>\n\t\t\t\t<div class=\"elementor-element elementor-element-a1e12d9 elementor-widget elementor-widget-html\" data-id=\"a1e12d9\" data-element_type=\"widget\" data-e-type=\"widget\" data-widget_type=\"html.default\">\n\t\t\t\t<div class=\"elementor-widget-container\">\n\t\t\t\t\t<script defer=\"\" type=\"text\/javascript\" src=\"https:\/\/marrakechinsiders.rezdy.com\/pluginJs\"><\/script>\n<iframe seamless=\"\" width=\"100%\" height=\"1000px\" frameborder=\"0\" class=\"rezdy\" src=\"https:\/\/marrakechinsiders.rezdy.com\/productsCalendar\/552883?iframe=true\" data-dashlane-frameid=\"3775\"><\/iframe>\t\t\t\t<\/div>\n\t\t\t\t<\/div>\n\t\t\t\t\t<\/div>\n\t\t<\/div>\n\t\t\t\t\t<\/div>\n\t\t<\/section>\n\t\t\t\t<section class=\"elementor-section elementor-top-section elementor-element elementor-element-399cea5 elementor-section-boxed elementor-section-height-default elementor-section-height-default\" data-id=\"399cea5\" data-element_type=\"section\" data-e-type=\"section\">\n\t\t\t\t\t\t<div class=\"elementor-container elementor-column-gap-default\">\n\t\t\t\t\t<div class=\"elementor-column elementor-col-50 elementor-top-column elementor-element elementor-element-fc8ac6a\" data-id=\"fc8ac6a\" data-element_type=\"column\" data-e-type=\"column\">\n\t\t\t<div class=\"elementor-widget-wrap elementor-element-populated\">\n\t\t\t\t\t\t<div class=\"elementor-element elementor-element-39e674f elementor-align-center elementor-widget elementor-widget-button\" data-id=\"39e674f\" data-element_type=\"widget\" data-e-type=\"widget\" data-widget_type=\"button.default\">\n\t\t\t\t<div class=\"elementor-widget-container\">\n\t\t\t\t\t\t\t\t\t<div class=\"elementor-button-wrapper\">\n\t\t\t\t\t<a class=\"elementor-button elementor-button-link elementor-size-sm\" href=\"https:\/\/www.marrakechinsiders.com\/fr\/blog-2\/\">\n\t\t\t\t\t\t<span class=\"elementor-button-content-wrapper\">\n\t\t\t\t\t\t\t\t\t<span class=\"elementor-button-text\">help center<\/span>\n\t\t\t\t\t<\/span>\n\t\t\t\t\t<\/a>\n\t\t\t\t<\/div>\n\t\t\t\t\t\t\t\t<\/div>\n\t\t\t\t<\/div>\n\t\t\t\t\t<\/div>\n\t\t<\/div>\n\t\t\t\t<div class=\"elementor-column elementor-col-50 elementor-top-column elementor-element elementor-element-aa38dca\" data-id=\"aa38dca\" data-element_type=\"column\" data-e-type=\"column\">\n\t\t\t<div class=\"elementor-widget-wrap elementor-element-populated\">\n\t\t\t\t\t\t<div class=\"elementor-element elementor-element-52885da elementor-align-center elementor-widget elementor-widget-button\" data-id=\"52885da\" data-element_type=\"widget\" data-e-type=\"widget\" data-widget_type=\"button.default\">\n\t\t\t\t<div class=\"elementor-widget-container\">\n\t\t\t\t\t\t\t\t\t<div class=\"elementor-button-wrapper\">\n\t\t\t\t\t<a class=\"elementor-button elementor-button-link elementor-size-sm\" href=\"https:\/\/www.marrakechinsiders.com\/fr\/taux\/\">\n\t\t\t\t\t\t<span class=\"elementor-button-content-wrapper\">\n\t\t\t\t\t\t\t\t\t<span class=\"elementor-button-text\">Trajets et Tarifs<\/span>\n\t\t\t\t\t<\/span>\n\t\t\t\t\t<\/a>\n\t\t\t\t<\/div>\n\t\t\t\t\t\t\t\t<\/div>\n\t\t\t\t<\/div>\n\t\t\t\t\t<\/div>\n\t\t<\/div>\n\t\t\t\t\t<\/div>\n\t\t<\/section>\n\t\t\t\t<section class=\"elementor-section elementor-top-section elementor-element elementor-element-aae2204 elementor-section-boxed elementor-section-height-default elementor-section-height-default\" data-id=\"aae2204\" data-element_type=\"section\" data-e-type=\"section\">\n\t\t\t\t\t\t<div class=\"elementor-container elementor-column-gap-default\">\n\t\t\t\t\t<div class=\"elementor-column elementor-col-100 elementor-top-column elementor-element elementor-element-0ba3de1\" data-id=\"0ba3de1\" data-element_type=\"column\" data-e-type=\"column\">\n\t\t\t<div class=\"elementor-widget-wrap elementor-element-populated\">\n\t\t\t\t\t\t<div class=\"elementor-element elementor-element-72f5207 elementor-widget elementor-widget-toggle\" data-id=\"72f5207\" data-element_type=\"widget\" data-e-type=\"widget\" data-widget_type=\"toggle.default\">\n\t\t\t\t<div class=\"elementor-widget-container\">\n\t\t\t\t\t\t\t<div class=\"elementor-toggle\">\n\t\t\t\t\t\t\t<div class=\"elementor-toggle-item\">\n\t\t\t\t\t<div id=\"elementor-tab-title-1201\" class=\"elementor-tab-title\" data-tab=\"1\" role=\"button\" aria-controls=\"elementor-tab-content-1201\" aria-expanded=\"false\">\n\t\t\t\t\t\t\t\t\t\t\t\t<span class=\"elementor-toggle-icon elementor-toggle-icon-left\" aria-hidden=\"true\">\n\t\t\t\t\t\t\t\t\t\t\t\t\t\t\t<span class=\"elementor-toggle-icon-closed\"><i class=\"fas fa-caret-right\"><\/i><\/span>\n\t\t\t\t\t\t\t\t<span class=\"elementor-toggle-icon-opened\"><i class=\"elementor-toggle-icon-opened fas fa-caret-up\"><\/i><\/span>\n\t\t\t\t\t\t\t\t\t\t\t\t\t<\/span>\n\t\t\t\t\t\t\t\t\t\t\t\t<a class=\"elementor-toggle-title\" tabindex=\"0\">Votre visite priv\u00e9e de Marrakech en Sidecar avec Marrakech Insiders<\/a>\n\t\t\t\t\t<\/div>\n\n\t\t\t\t\t<div id=\"elementor-tab-content-1201\" class=\"elementor-tab-content elementor-clearfix\" data-tab=\"1\" role=\"region\" aria-labelledby=\"elementor-tab-title-1201\"><p class=\"\" data-start=\"338\" data-end=\"756\"><strong>\u00cates-vous pr\u00eat \u00e0 vivre Marrakech comme jamais auparavant ? Chez Marrakech Insiders, nous offrons une exp\u00e9rience exclusive et sur-mesure qui vous permet de d\u00e9couvrir la ville de la mani\u00e8re la plus unique et immersive possible \u2014 \u00e0 bord d\u2019un side-car vintage. Que vous cherchiez une escapade romantique, une aventure en famille, ou simplement une visite priv\u00e9e de Marrakech, nous vous proposons une balade qui correspond \u00e0 votre style et \u00e0 vos envies.<\/strong><\/p><p data-start=\"338\" data-end=\"756\">\u00a0<\/p><p class=\"\" data-start=\"758\" data-end=\"1201\"><strong>R\u00e9server votre balade en side-car avec nous est simple. Il vous suffit de choisir l'itin\u00e9raire qui vous enthousiasme le plus, et nous nous chargeons du reste. Nos Insiders locaux personnaliseront le trajet selon vos pr\u00e9f\u00e9rences, en vous assurant de d\u00e9couvrir les tr\u00e9sors cach\u00e9s de Marrakech, loin des sites touristiques classiques. Vous vivrez la culture authentique de la ville, ses vues panoramiques et ses coins les plus pittoresques, tout cela depuis le confort du side-car.<\/strong><\/p><p data-start=\"758\" data-end=\"1201\">\u00a0<\/p><p class=\"\" data-start=\"1203\" data-end=\"1575\"><strong>Que vous soyez int\u00e9ress\u00e9 par la visite de la c\u00e9l\u00e8bre m\u00e9dina, l'exploration de la Palmeraie, ou une aventure jusqu\u2019au d\u00e9sert d'Agafay, nos balades en side-car vintage offrent une mani\u00e8re incomparable de d\u00e9couvrir la beaut\u00e9 et le charme de Marrakech. \u00c0 un rythme tranquille de 25 km\/h, vous profiterez d\u2019un voyage d\u00e9tendu et intime, sans pr\u00e9cipitation, simplement la libert\u00e9 d\u2019explorer \u00e0 votre propre rythme.<\/strong><\/p><p data-start=\"1203\" data-end=\"1575\">\u00a0<\/p><p class=\"\" data-start=\"1577\" data-end=\"1816\"><strong>R\u00e9server votre balade avec Marrakech Insiders n'est pas seulement une simple r\u00e9servation de tour. Il s'agit de cr\u00e9er des souvenirs durables, de d\u00e9couvrir Marrakech hors des sentiers battus et de profiter d'une exp\u00e9rience priv\u00e9e authentique qui vous appartient enti\u00e8rement.<\/strong><\/p><h3 class=\"\" data-start=\"1818\" data-end=\"1866\"><strong>Pourquoi r\u00e9server une balade avec Marrakech Insiders ?<\/strong><\/h3><p>\u00a0<\/p><ul data-start=\"1868\" data-end=\"2489\"><li class=\"\" data-start=\"1868\" data-end=\"1973\"><p class=\"\" data-start=\"1870\" data-end=\"1973\"><strong>Priv\u00e9 et exclusif : visite de Marrakech sans les foules, dans le cadre d'un circuit priv\u00e9 sur mesure.<\/strong><\/p><\/li><li class=\"\" data-start=\"1974\" data-end=\"2096\"><p class=\"\" data-start=\"1976\" data-end=\"2096\"><strong>Confort et style : Voyagez dans un side-car vintage, con\u00e7u pour le confort et le style, pour une balade inoubliable.<\/strong><\/p><\/li><li class=\"\" data-start=\"2097\" data-end=\"2232\"><p class=\"\" data-start=\"2099\" data-end=\"2232\"><strong>Experts locaux : Nos Insiders locaux partageront les secrets de la ville, vous montrant des endroits cach\u00e9s que seuls les locaux connaissent.<\/strong><\/p><\/li><li class=\"\" data-start=\"2233\" data-end=\"2368\"><p class=\"\" data-start=\"2235\" data-end=\"2368\"><strong>Flexible et personnalisable : Choisissez parmi notre Essential Ride ou Secret Ride, ou laissez-nous personnaliser le parcours selon vos int\u00e9r\u00eats.<\/strong><\/p><\/li><li class=\"\" data-start=\"2369\" data-end=\"2489\"><p class=\"\" data-start=\"2371\" data-end=\"2489\"><strong>Id\u00e9ale pour les couples et les familles : Parfaite pour une exp\u00e9rience romantique, une sortie en famille ou entre amis.<\/strong><\/p><\/li><\/ul><h3 data-start=\"2491\" data-end=\"2528\">\u00a0<\/h3><h3 class=\"\" data-start=\"2491\" data-end=\"2528\"><strong>R\u00e9servez votre balade en side-car d\u00e8s aujourd'hui !<\/strong><\/h3><p>\u00a0<\/p><p class=\"\" data-start=\"2530\" data-end=\"2838\"><strong>La r\u00e9servation est simple et flexible. Il vous suffit de choisir votre date et votre heure, et nous nous chargeons du reste. Que vous pr\u00e9voyiez une excursion d\u2019une demi-journ\u00e9e ou une journ\u00e9e compl\u00e8te d'exploration, votre aventure en side-car vous attend. Si vous avez des demandes sp\u00e9ciales ou souhaitez personnaliser encore plus l'exp\u00e9rience, faites-le nous savoir.<\/strong><\/p><p data-start=\"2530\" data-end=\"2838\">\u00a0<\/p><p class=\"\" data-start=\"2840\" data-end=\"3029\"><strong>Ne manquez pas l'opportunit\u00e9 de d\u00e9couvrir Marrakech de mani\u00e8re totalement unique. R\u00e9servez votre balade en side-car d\u00e8s aujourd'hui et profitez d'une exp\u00e9rience de luxe \u00e0 Marrakech que vous n'oublierez pas de sit\u00f4t !<\/strong><\/p><\/div>\n\t\t\t\t<\/div>\n\t\t\t\t\t\t\t\t<\/div>\n\t\t\t\t\t\t<\/div>\n\t\t\t\t<\/div>\n\t\t\t\t\t<\/div>\n\t\t<\/div>\n\t\t\t\t\t<\/div>\n\t\t<\/section>\n\t\t\t\t<section class=\"elementor-section elementor-top-section elementor-element elementor-element-ff72d00 elementor-section-boxed elementor-section-height-default elementor-section-height-default\" data-id=\"ff72d00\" data-element_type=\"section\" data-e-type=\"section\">\n\t\t\t\t\t\t<div class=\"elementor-container elementor-column-gap-default\">\n\t\t\t\t\t<div class=\"elementor-column elementor-col-100 elementor-top-column elementor-element elementor-element-268eec0\" data-id=\"268eec0\" data-element_type=\"column\" data-e-type=\"column\">\n\t\t\t<div class=\"elementor-widget-wrap elementor-element-populated\">\n\t\t\t\t\t\t<div class=\"elementor-element elementor-element-5944cb8 elementor-widget elementor-widget-image\" data-id=\"5944cb8\" data-element_type=\"widget\" data-e-type=\"widget\" data-widget_type=\"image.default\">\n\t\t\t\t<div class=\"elementor-widget-container\">\n\t\t\t\t\t\t\t\t\t\t\t\t\t\t\t<img fetchpriority=\"high\" decoding=\"async\" width=\"750\" height=\"500\" src=\"https:\/\/www.marrakechinsiders.com\/wp-content\/uploads\/2023\/11\/1458-1024x683.webp\" class=\"attachment-large size-large wp-image-2112\" alt=\"visite de Marrakech\" srcset=\"https:\/\/www.marrakechinsiders.com\/wp-content\/uploads\/2023\/11\/1458-1024x683.webp 1024w, https:\/\/www.marrakechinsiders.com\/wp-content\/uploads\/2023\/11\/1458-300x200.webp 300w, https:\/\/www.marrakechinsiders.com\/wp-content\/uploads\/2023\/11\/1458-768x512.webp 768w, https:\/\/www.marrakechinsiders.com\/wp-content\/uploads\/2023\/11\/1458-1536x1025.webp 1536w, https:\/\/www.marrakechinsiders.com\/wp-content\/uploads\/2023\/11\/1458-2048x1366.webp 2048w, https:\/\/www.marrakechinsiders.com\/wp-content\/uploads\/2023\/11\/1458-18x12.webp 18w, https:\/\/www.marrakechinsiders.com\/wp-content\/uploads\/2023\/11\/1458-1568x1046.webp 1568w\" sizes=\"(max-width: 750px) 100vw, 750px\" style=\"width:100%;height:66.72%;max-width:2560px\" title=\"\">\t\t\t\t\t\t\t\t\t\t\t\t\t\t\t<\/div>\n\t\t\t\t<\/div>\n\t\t\t\t\t<\/div>\n\t\t<\/div>\n\t\t\t\t\t<\/div>\n\t\t<\/section>\n\t\t\t\t<\/div>","protected":false},"excerpt":{"rendered":"<p>Discover Marrakech like never before Tailor-made sidecar journeys for the curious traveler help center Rides &#038; Rates Your Private Sidecar visit of Marrakech\u200b with Marrakech Insiders Are you ready to experience Marrakech like never before? At Marrakech Insiders, we offer an exclusive, tailor-made experience that allows you to explore the city in the most unique&hellip; <a class=\"more-link\" href=\"https:\/\/www.marrakechinsiders.com\/fr\/reserver-un-trajet\/\">Continuer la lecture <span class=\"screen-reader-text\">BOOK A RIDE\u200b<\/span><\/a><\/p>","protected":false},"author":1,"featured_media":2660,"parent":0,"menu_order":0,"comment_status":"closed","ping_status":"closed","template":"elementor_header_footer","meta":{"_acf_changed":false,"footnotes":""},"class_list":["post-590","page","type-page","status-publish","has-post-thumbnail","hentry","entry"],"acf":[],"_links":{"self":[{"href":"https:\/\/www.marrakechinsiders.com\/fr\/wp-json\/wp\/v2\/pages\/590","targetHints":{"allow":["GET"]}}],"collection":[{"href":"https:\/\/www.marrakechinsiders.com\/fr\/wp-json\/wp\/v2\/pages"}],"about":[{"href":"https:\/\/www.marrakechinsiders.com\/fr\/wp-json\/wp\/v2\/types\/page"}],"author":[{"embeddable":true,"href":"https:\/\/www.marrakechinsiders.com\/fr\/wp-json\/wp\/v2\/users\/1"}],"replies":[{"embeddable":true,"href":"https:\/\/www.marrakechinsiders.com\/fr\/wp-json\/wp\/v2\/comments?post=590"}],"version-history":[{"count":90,"href":"https:\/\/www.marrakechinsiders.com\/fr\/wp-json\/wp\/v2\/pages\/590\/revisions"}],"predecessor-version":[{"id":3627,"href":"https:\/\/www.marrakechinsiders.com\/fr\/wp-json\/wp\/v2\/pages\/590\/revisions\/3627"}],"wp:featuredmedia":[{"embeddable":true,"href":"https:\/\/www.marrakechinsiders.com\/fr\/wp-json\/wp\/v2\/media\/2660"}],"wp:attachment":[{"href":"https:\/\/www.marrakechinsiders.com\/fr\/wp-json\/wp\/v2\/media?parent=590"}],"curies":[{"name":"wp","href":"https:\/\/api.w.org\/{rel}","templated":true}]}}