{"id":777,"date":"2023-09-01T15:29:27","date_gmt":"2023-09-01T13:29:27","guid":{"rendered":"https:\/\/marrakechinsiders.com\/?page_id=777"},"modified":"2026-01-13T19:42:54","modified_gmt":"2026-01-13T18:42:54","slug":"condiciones","status":"publish","type":"page","link":"https:\/\/www.marrakechinsiders.com\/es\/condiciones\/","title":{"rendered":"T\u00e9rminos y condiciones"},"content":{"rendered":"<div data-elementor-type=\"wp-page\" data-elementor-id=\"777\" class=\"elementor elementor-777\" data-elementor-post-type=\"page\">\n\t\t\t\t\t\t<section class=\"elementor-section elementor-top-section elementor-element elementor-element-49dbccf elementor-section-full_width elementor-section-height-default elementor-section-height-default\" data-id=\"49dbccf\" data-element_type=\"section\" data-e-type=\"section\">\n\t\t\t\t\t\t<div class=\"elementor-container elementor-column-gap-default\">\n\t\t\t\t\t<div class=\"elementor-column elementor-col-100 elementor-top-column elementor-element elementor-element-79913c5\" data-id=\"79913c5\" data-element_type=\"column\" data-e-type=\"column\">\n\t\t\t<div class=\"elementor-widget-wrap elementor-element-populated\">\n\t\t\t\t\t\t<div class=\"elementor-element elementor-element-6fc2441 elementor-widget elementor-widget-heading\" data-id=\"6fc2441\" data-element_type=\"widget\" data-e-type=\"widget\" data-widget_type=\"heading.default\">\n\t\t\t\t<div class=\"elementor-widget-container\">\n\t\t\t\t\t<h1 class=\"elementor-heading-title elementor-size-default\">Condiciones generales<\/h1>\t\t\t\t<\/div>\n\t\t\t\t<\/div>\n\t\t\t\t<div class=\"elementor-element elementor-element-a51470b elementor-widget__width-initial elementor-widget elementor-widget-text-editor\" data-id=\"a51470b\" data-element_type=\"widget\" data-e-type=\"widget\" data-widget_type=\"text-editor.default\">\n\t\t\t\t<div class=\"elementor-widget-container\">\n\t\t\t\t\t\t\t\t\t<p><span style=\"color: var( --e-global-color-text ); font-family: var( --e-global-typography-text-font-family ), Sans-serif; font-weight: var( --e-global-typography-text-font-weight ); background-color: var(--wp--preset--color--background); font-size: var(--wp--preset--font-size--medium);\">El presente acuerdo (en lo sucesivo, el \"Acuerdo\") se celebra entre:<\/span><\/p><ol><li>Insiders Ltd una empresa constituida bajo las leyes de Hong Kong que tiene un acuerdo de exclusividad para representar a la empresa conocida comercialmente como MARRAKECH INSIDERS para todas las actividades en l\u00ednea, en lo sucesivo denominada \"INSIDERS LTD\".<\/li><\/ol><p>Por una parte<\/p><ul><li>Y2. El cliente, en lo sucesivo denominado el \"Cliente\".<\/li><li>Por otra parte<\/li><\/ul><p>En lo sucesivo, INSIDERS LTD y el Cliente se denominar\u00e1n colectivamente las \"Partes\" e individualmente una \"Parte\".<\/p><p>Recitales:<\/p><p class=\"translation-block\">(i) <span style=\"color: var( --e-global-color-text );font-family: var( --e-global-typography-text-font-family ), Sans-serif;font-weight: var( --e-global-typography-text-font-weight );font-size: var(--global--font-size-base)\">INSIDENTES<\/span><span style=\"color: var( --e-global-color-text );font-family: var( --e-global-typography-text-font-family ), Sans-serif;font-weight: var( --e-global-typography-text-font-weight );font-size: var(--global--font-size-base)\"> LTD es una empresa que presta servicios relacionados con veh\u00edculos espec\u00edficos como sidecars y coches de \u00e9poca en diferentes \u00e1mbitos, incluido el de Marruecos (en adelante, el \"Servicio\").<\/span><\/p><p class=\"translation-block\">(ii) El Cliente ha aceptado utilizar los Servicios prestados por <span style=\"color: var( --e-global-color-text );font-family: var( --e-global-typography-text-font-family ), Sans-serif;font-weight: var( --e-global-typography-text-font-weight );font-size: var(--global--font-size-base)\">INSIDENTES<\/span><span style=\"color: var( --e-global-color-text );font-family: var( --e-global-typography-text-font-family ), Sans-serif;font-weight: var( --e-global-typography-text-font-weight );font-size: var(--global--font-size-base)\"> LTD, y <\/span><span style=\"color: var( --e-global-color-text );font-family: var( --e-global-typography-text-font-family ), Sans-serif;font-weight: var( --e-global-typography-text-font-weight );font-size: var(--global--font-size-base)\">INSIDERS<\/span><span style=\"color: var( --e-global-color-text );font-family: var( --e-global-typography-text-font-family ), Sans-serif;font-size: var(--global--font-size-base);font-weight: var( --e-global-typography-text-font-weight )\"> LTD ha aceptado prestar dichos Servicios, tal y como se definen en el presente Acuerdo. Por consiguiente, se acuerda lo siguiente:<\/span><\/p><ol><li><b>DESCRIPCI\u00d3N DE LOS SERVICIOS<\/b><\/li><\/ol><p class=\"translation-block\">1.1 <span style=\"color: var( --e-global-color-text );font-family: var( --e-global-typography-text-font-family ), Sans-serif;font-weight: var( --e-global-typography-text-font-weight );font-size: var(--global--font-size-base)\">INSIDENTES<\/span><span style=\"color: var( --e-global-color-text );font-family: var( --e-global-typography-text-font-family ), Sans-serif;font-weight: var( --e-global-typography-text-font-weight );font-size: var(--global--font-size-base)\"> LTD proporcionar\u00e1 al Cliente un veh\u00edculo de alquiler con asistencia.<\/span><\/p><p>1.2 Los servicios en sidecar(s) se prestar\u00e1n exclusivamente a toda persona mayor de 17 a\u00f1os y capaz de montar en sidecar, a juicio del conductor. Para ni\u00f1os de edad comprendida entre 12 a\u00f1os y menos de 17 a\u00f1os, una persona de al menos 17 a\u00f1os deber\u00e1 ir a bordo en el veh\u00edculo. Para los ni\u00f1os de edad inferior a 12 a\u00f1os, una persona de al menos 17 a\u00f1os se sentar\u00e1 con \u00e9l en el sidecar acoplado a la motocicleta.<\/p><p class=\"translation-block\">1.3 Todos los servicios y ofertas de <span style=\"color: var( --e-global-color-text );font-family: var( --e-global-typography-text-font-family ), Sans-serif;font-weight: var( --e-global-typography-text-font-weight );font-size: var(--global--font-size-base)\">INSIDENTES<\/span><span style=\"color: var( --e-global-color-text );font-family: var( --e-global-typography-text-font-family ), Sans-serif;font-weight: var( --e-global-typography-text-font-weight );font-size: var(--global--font-size-base)\"> LTD se basar\u00e1 exclusivamente en los t\u00e9rminos y condiciones establecidos en el presente Acuerdo, que sustituye a cualquier otro documento o acuerdo entre las Partes.<\/span><\/p><ol start=\"2\"><li><b>TASA DE SERVICIO<\/b><\/li><\/ol><p class=\"translation-block\">2.1 El Cliente se compromete a pagar a <span style=\"color: var( --e-global-color-text );font-family: var( --e-global-typography-text-font-family ), Sans-serif;font-weight: var( --e-global-typography-text-font-weight );font-size: var(--global--font-size-base)\">INSIDENTES<\/span><span style=\"color: var( --e-global-color-text );font-family: var( --e-global-typography-text-font-family ), Sans-serif;font-weight: var( --e-global-typography-text-font-weight );font-size: var(--global--font-size-base)\"> PAGAR la cuota de servicio de un importe neto indicado en las otras partes de este sitio web<\/span>.<\/p><p class=\"translation-block\">2.2 Queda entendido que la Cuota de Servicio se calcula sobre la base del n\u00famero real de beneficiarios de los Servicios, sin perjuicio de lo estipulado en el Art\u00edculo 3. Si se presentan m\u00e1s beneficiarios de los inicialmente acordados, <span style=\"color: var( --e-global-color-text );font-family: var( --e-global-typography-text-font-family ), Sans-serif;font-weight: var( --e-global-typography-text-font-weight );font-size: var(--global--font-size-base)\">INSIDENTES<\/span><span style=\"color: var( --e-global-color-text );font-family: var( --e-global-typography-text-font-family ), Sans-serif;font-weight: var( --e-global-typography-text-font-weight );font-size: var(--global--font-size-base)\"> LTD podr\u00e1 aceptar o negarse a prestar Servicios a beneficiarios adicionales en funci\u00f3n de los veh\u00edculos disponibles. Si se presentan menos beneficiarios de los inicialmente acordados entre las Partes en el Ap\u00e9ndice, se aplicar\u00e1 la pol\u00edtica de cancelaci\u00f3n descrita en el Art\u00edculo 3.<\/span>.<\/p><p>2.3 Los pagos de la Tasa de Servicio vencen en la fecha de la factura.<\/p><p class=\"translation-block\">En caso de retraso en el pago, las Partes acuerdan que <span style=\"color: var( --e-global-color-text );font-family: var( --e-global-typography-text-font-family ), Sans-serif;font-weight: var( --e-global-typography-text-font-weight );font-size: var(--global--font-size-base)\">INSIDENTES<\/span><span style=\"color: var( --e-global-color-text );font-family: var( --e-global-typography-text-font-family ), Sans-serif;font-weight: var( --e-global-typography-text-font-weight );font-size: var(--global--font-size-base)\"> LTD tendr\u00e1 derecho a cobrar intereses de demora adicionales al tipo diario de 1% del importe total de la Cuota de Servicio.<\/span><\/p><p>2.4 La Cuota de Servicio incluye exclusivamente:<\/p><p>(i) La tasa del veh\u00edculo;<\/p><p>(ii) La tasa por combustible;<\/p><p>(iii) La remuneraci\u00f3n del conductor;<\/p><p>(En caso de recogida en el aeropuerto, un tiempo de espera de una hora a partir de la recogida acordado por escrito. Si se supera, se facturar\u00e1 cada hora suplementaria. Cada hora comenzada se facturar\u00e1 en su totalidad.<\/p><p>2.5 La Tarifa de Servicio excluye cualquier impuesto. La Tarifa de Servicio tambi\u00e9n excluye cualquier coste y gasto que no se haya indicado anteriormente en el Art\u00edculo 2.3, y por ejemplo:<\/p><p>(i) Tasa de peaje;<\/p><p>(ii) Tasa de entrada o acceso al recinto.<\/p><p class=\"translation-block\">Cualquier otro coste o gasto ser\u00e1 cargado por separado por <span style=\"color: var( --e-global-color-text );font-family: var( --e-global-typography-text-font-family ), Sans-serif;font-weight: var( --e-global-typography-text-font-weight );font-size: var(--global--font-size-base)\">INSIDENTES<\/span><span style=\"color: var( --e-global-color-text );font-family: var( --e-global-typography-text-font-family ), Sans-serif;font-weight: var( --e-global-typography-text-font-weight );font-size: var(--global--font-size-base)\"> LTD al Cliente.<\/span><\/p><ol start=\"3\"><li><b>POL\u00cdTICA DE CANCELACI\u00d3N<\/b><\/li><\/ol><p class=\"translation-block\">3.1 En caso de cancelaci\u00f3n por parte del Cliente de la reserva de los Servicios, <span style=\"color: var( --e-global-color-text );font-family: var( --e-global-typography-text-font-family ), Sans-serif;font-weight: var( --e-global-typography-text-font-weight );font-size: var(--global--font-size-base)\">INSIDENTES<\/span><span style=\"color: var( --e-global-color-text );font-family: var( --e-global-typography-text-font-family ), Sans-serif;font-weight: var( --e-global-typography-text-font-weight );font-size: var(--global--font-size-base)\"> LTD reembolsar\u00e1 la Cuota de Servicio correspondiente efectivamente abonada por un importe de:<\/span><\/p><p class=\"translation-block\">3.1.1 90% de la Cuota de Servicio si <span style=\"color: var( --e-global-color-text );font-family: var( --e-global-typography-text-font-family ), Sans-serif;font-weight: var( --e-global-typography-text-font-weight );font-size: var(--global--font-size-base)\">INSIDENTES<\/span><span style=\"color: var( --e-global-color-text );font-family: var( --e-global-typography-text-font-family ), Sans-serif;font-weight: var( --e-global-typography-text-font-weight );font-size: var(--global--font-size-base)\"> LTD recibe la cancelaci\u00f3n por escrito al menos 5 semanas antes de la fecha del Servicio.<\/span><\/p><p class=\"translation-block\">3.1.2 50% de la Cuota de Servicio si <span style=\"color: var( --e-global-color-text );font-family: var( --e-global-typography-text-font-family ), Sans-serif;font-weight: var( --e-global-typography-text-font-weight );font-size: var(--global--font-size-base)\">INSIDENTES<\/span><span style=\"color: var( --e-global-color-text );font-family: var( --e-global-typography-text-font-family ), Sans-serif;font-weight: var( --e-global-typography-text-font-weight );font-size: var(--global--font-size-base)\"> LTD recibe la cancelaci\u00f3n por escrito a <\/span><span style=\"color: var( --e-global-color-text );font-family: var( --e-global-typography-text-font-family ), Sans-serif;font-weight: var( --e-global-typography-text-font-weight );font-size: var(--global--font-size-base)\">INSIDENTES<\/span><span style=\"color: var( --e-global-color-text );font-family: var( --e-global-typography-text-font-family ), Sans-serif;font-size: var(--global--font-size-base);font-weight: var( --e-global-typography-text-font-weight )\"> LTD al menos 48 horas antes de la fecha del Servicio.<\/span><\/p><p class=\"translation-block\">3.1.3 El Cliente no tendr\u00e1 derecho a ning\u00fan reembolso si <span style=\"color: var( --e-global-color-text );font-family: var( --e-global-typography-text-font-family ), Sans-serif;font-weight: var( --e-global-typography-text-font-weight );font-size: var(--global--font-size-base)\">INSIDENTES<\/span><span style=\"color: var( --e-global-color-text );font-family: var( --e-global-typography-text-font-family ), Sans-serif;font-weight: var( --e-global-typography-text-font-weight );font-size: var(--global--font-size-base)\"> LTD recibe la cancelaci\u00f3n menos de 48 horas antes de la hora de la reuni\u00f3n. En caso de \"no presentarse\" despu\u00e9s de 1 hora de la hora de reuni\u00f3n acordada, se considerar\u00e1 que el Cliente ha cancelado los Servicios.<\/span><\/p><p class=\"translation-block\">3.1.4 En caso de cancelaci\u00f3n del Servicio por parte del Cliente debido a fuertes lluvias, incluso sin previo aviso, <span style=\"color: var( --e-global-color-text );font-family: var( --e-global-typography-text-font-family ), Sans-serif;font-weight: var( --e-global-typography-text-font-weight );font-size: var(--global--font-size-base)\">INSIDENTES<\/span><span style=\"color: var( --e-global-color-text );font-family: var( --e-global-typography-text-font-family ), Sans-serif;font-weight: var( --e-global-typography-text-font-weight );font-size: var(--global--font-size-base)\"> LTD reembolsar\u00e1 80% de la Cuota de Servicio al Cliente, salvo que las Partes acuerden otra cosa por escrito.<\/span><\/p><p class=\"translation-block\">3.2 Si <span style=\"color: var( --e-global-color-text );font-family: var( --e-global-typography-text-font-family ), Sans-serif;font-weight: var( --e-global-typography-text-font-weight );font-size: var( --global--font-size-base)\">INSIDENTES<\/span><span style=\"color: var( --e-global-color-text );font-family: var( --e-global-typography-text-font-family ), Sans-serif;font-weight: var( --e-global-typography-text-font-weight );font-size: var(--global--font-size-base)\"> LTD no presta el Servicio por ning\u00fan motivo debido a <\/span><span style=\"color: var( --e-global-color-text );font-family: var( --e-global-typography-text-font-family ), Sans-serif;font-weight: var( --e-global-typography-text-font-weight );font-size: var(--global--font-size-base)\">INSIDENTES<\/span><span style=\"color: var( --e-global-color-text );font-family: var( --e-global-typography-text-font-family ), Sans-serif;font-size: var(--global--font-size-base);font-weight: var( --e-global-typography-text-font-weight )\"> LTD, el Cliente tendr\u00e1 derecho exclusivamente a reclamar el reembolso de la Cuota de Servicio que ya haya abonado a <\/span><span style=\"color: var( --e-global-color-text );font-family: var( --e-global-typography-text-font-family ), Sans-serif;font-weight: var( --e-global-typography-text-font-weight );font-size: var(--global--font-size-base)\">INSIDENTES<\/span><span style=\"color: var( --e-global-color-text );font-family: var( --e-global-typography-text-font-family ), Sans-serif;font-size: var(--global--font-size-base);font-weight: var( --e-global-typography-text-font-weight )\"> LTD por dicho Cliente.<\/span><\/p><ol start=\"4\"><li><b>RESPONSABILIDAD<\/b><\/li><\/ol><p>4.1 Los pasajeros deber\u00e1n respetar las normas aplicables localmente y cumplir todas las instrucciones del conductor. El conductor podr\u00e1 decidir suspender o detener la prestaci\u00f3n de los Servicios si el comportamiento del pasajero no es considerado aceptable por el conductor.<\/p><p>4.2 La introducci\u00f3n de alimentos y bebidas en los veh\u00edculos, as\u00ed como su consumo, est\u00e1n sujetos a la aprobaci\u00f3n del conductor caso por caso.<\/p><p class=\"translation-block\">4.3 Salvo en caso de dolo y negligencia grave, <span style=\"color: var( --e-global-color-text );font-family: var( --e-global-typography-text-font-family ), Sans-serif;font-weight: var( --e-global-typography-text-font-weight );font-size: var(--global--font-size-base)\">INSIDENTES<\/span><span style=\"color: var( --e-global-color-text );font-family: var( --e-global-typography-text-font-family ), Sans-serif;font-weight: var( --e-global-typography-text-font-weight );font-size: var(--global--font-size-base)\"> LTD no se har\u00e1 responsable de ninguna responsabilidad o da\u00f1os causados al Cliente.<\/span><\/p><p class=\"translation-block\">4.4 En su caso, la responsabilidad por cualquier da\u00f1o causado por negligencia grave y dolosa de <span style=\"color: var( --e-global-color-text );font-family: var( --e-global-typography-text-font-family ), Sans-serif;font-weight: var( --e-global-typography-text-font-weight );font-size: var(--global--font-size-base)\">INSIDENTES<\/span><span style=\"color: var( --e-global-color-text );font-family: var( --e-global-typography-text-font-family ), Sans-serif;font-weight: var( --e-global-typography-text-font-weight );font-size: var(--global--font-size-base)\"> LTD, seg\u00fan sea el caso, se limitar\u00e1 a la Cuota de Servicio efectivamente pagada por el Cliente o el beneficiario individual designado por el Cliente que sufra el da\u00f1o.<\/span><\/p><p class=\"translation-block\">4.5 Para los Servicios de exhibici\u00f3n, el Cliente asumir\u00e1 cualquier responsabilidad por los da\u00f1os causados al veh\u00edculo o veh\u00edculos y por el veh\u00edculo o veh\u00edculos proporcionados por <span style=\"color: var( --e-global-color-text );font-family: var( --e-global-typography-text-font-family ), Sans-serif;font-weight: var( --e-global-typography-text-font-weight );font-size: var(--global--font-size-base)\">INSIDENTES<\/span><span style=\"color: var( --e-global-color-text );font-family: var( --e-global-typography-text-font-family ), Sans-serif;font-weight: var( --e-global-typography-text-font-weight );font-size: var( --global--font-size-base)\"> LTD durante toda la duraci\u00f3n de la exposici\u00f3n, (i) a partir de la entrega del veh\u00edculo y (ii) hasta la devoluci\u00f3n del veh\u00edculo a <\/span><span style=\"color: var( --e-global-color-text );font-family: var( --e-global-typography-text-font-family ), Sans-serif;font-weight: var( --e-global-typography-text-font-weight );font-size: var(--global--font-size-base)\">INSIDENTES<\/span><span style=\"color: var( --e-global-color-text );font-family: var( --e-global-typography-text-font-family ), Sans-serif;font-size: var(--global--font-size-base);font-weight: var( --e-global-typography-text-font-weight )\"> LTD y firmado por <\/span><span style=\"color: var( --e-global-color-text );font-family: var( --e-global-typography-text-font-family ), Sans-serif;font-weight: var( --e-global-typography-text-font-weight );font-size: var(--global--font-size-base)\">INSIDENTES<\/span><span style=\"color: var( --e-global-color-text );font-family: var( --e-global-typography-text-font-family ), Sans-serif;font-size: var(--global--font-size-base);font-weight: var( --e-global-typography-text-font-weight )\"> LTD de un aviso de restituci\u00f3n sin reservas.<\/span><\/p><ol start=\"5\"><li><b>RESOLUCI\u00d3N DE LITIGIOS<\/b><\/li><\/ol><p>5.1 El presente Contrato se regir\u00e1 e interpretar\u00e1 de conformidad con la legislaci\u00f3n de Hong Kong.<\/p>\t\t\t\t\t\t\t\t<\/div>\n\t\t\t\t<\/div>\n\t\t\t\t\t<\/div>\n\t\t<\/div>\n\t\t\t\t\t<\/div>\n\t\t<\/section>\n\t\t\t\t<\/div>","protected":false},"excerpt":{"rendered":"<p>T\u00e9rminos y Condiciones Este acuerdo (en adelante, el \u201cAcuerdo\u201d) se celebra entre: Insiders Ltd, una empresa constituida conforme a las leyes de Hong Kong que tiene un acuerdo de exclusividad para representar a la empresa conocida comercialmente como MARRAKECH INSIDERS para todas las actividades en l\u00ednea, en adelante \u201cINSIDERS LTD\u201d, por una parte... <a class=\"more-link\" href=\"https:\/\/www.marrakechinsiders.com\/es\/condiciones\/\">Seguir leyendo <span class=\"screen-reader-text\">T\u00e9rminos y condiciones<\/span><\/a><\/p>","protected":false},"author":3,"featured_media":0,"parent":0,"menu_order":0,"comment_status":"closed","ping_status":"closed","template":"elementor_header_footer","meta":{"_acf_changed":false,"footnotes":""},"class_list":["post-777","page","type-page","status-publish","hentry","entry"],"acf":[],"_links":{"self":[{"href":"https:\/\/www.marrakechinsiders.com\/es\/wp-json\/wp\/v2\/pages\/777","targetHints":{"allow":["GET"]}}],"collection":[{"href":"https:\/\/www.marrakechinsiders.com\/es\/wp-json\/wp\/v2\/pages"}],"about":[{"href":"https:\/\/www.marrakechinsiders.com\/es\/wp-json\/wp\/v2\/types\/page"}],"author":[{"embeddable":true,"href":"https:\/\/www.marrakechinsiders.com\/es\/wp-json\/wp\/v2\/users\/3"}],"replies":[{"embeddable":true,"href":"https:\/\/www.marrakechinsiders.com\/es\/wp-json\/wp\/v2\/comments?post=777"}],"version-history":[{"count":32,"href":"https:\/\/www.marrakechinsiders.com\/es\/wp-json\/wp\/v2\/pages\/777\/revisions"}],"predecessor-version":[{"id":3740,"href":"https:\/\/www.marrakechinsiders.com\/es\/wp-json\/wp\/v2\/pages\/777\/revisions\/3740"}],"wp:attachment":[{"href":"https:\/\/www.marrakechinsiders.com\/es\/wp-json\/wp\/v2\/media?parent=777"}],"curies":[{"name":"wp","href":"https:\/\/api.w.org\/{rel}","templated":true}]}}