{"id":590,"date":"2023-08-31T17:33:34","date_gmt":"2023-08-31T15:33:34","guid":{"rendered":"http:\/\/marrakechinsiders.com\/?page_id=590"},"modified":"2025-06-27T16:45:50","modified_gmt":"2025-06-27T14:45:50","slug":"reservar-un-viaje","status":"publish","type":"page","link":"https:\/\/www.marrakechinsiders.com\/es\/reservar-un-viaje\/","title":{"rendered":"RESERVAR UN VIAJE"},"content":{"rendered":"<div data-elementor-type=\"wp-page\" data-elementor-id=\"590\" class=\"elementor elementor-590\" data-elementor-post-type=\"page\">\n\t\t\t\t\t\t<section class=\"elementor-section elementor-top-section elementor-element elementor-element-d06508d elementor-section-boxed elementor-section-height-default elementor-section-height-default\" data-id=\"d06508d\" data-element_type=\"section\" data-e-type=\"section\">\n\t\t\t\t\t\t<div class=\"elementor-container elementor-column-gap-default\">\n\t\t\t\t\t<div class=\"elementor-column elementor-col-100 elementor-top-column elementor-element elementor-element-3fd858b\" data-id=\"3fd858b\" data-element_type=\"column\" data-e-type=\"column\">\n\t\t\t<div class=\"elementor-widget-wrap elementor-element-populated\">\n\t\t\t\t\t\t<div class=\"elementor-element elementor-element-3c055e4 elementor-widget elementor-widget-heading\" data-id=\"3c055e4\" data-element_type=\"widget\" data-e-type=\"widget\" data-widget_type=\"heading.default\">\n\t\t\t\t<div class=\"elementor-widget-container\">\n\t\t\t\t\t<h1 class=\"elementor-heading-title elementor-size-default\">Descubra Marrakech como nunca<\/h1>\t\t\t\t<\/div>\n\t\t\t\t<\/div>\n\t\t\t\t<div class=\"elementor-element elementor-element-f4b839c elementor-widget elementor-widget-heading\" data-id=\"f4b839c\" data-element_type=\"widget\" data-e-type=\"widget\" data-widget_type=\"heading.default\">\n\t\t\t\t<div class=\"elementor-widget-container\">\n\t\t\t\t\t<h2 class=\"elementor-heading-title elementor-size-default\">Viajes a medida en sidecar para el viajero curioso<\/h2>\t\t\t\t<\/div>\n\t\t\t\t<\/div>\n\t\t\t\t<div class=\"elementor-element elementor-element-a1e12d9 elementor-widget elementor-widget-html\" data-id=\"a1e12d9\" data-element_type=\"widget\" data-e-type=\"widget\" data-widget_type=\"html.default\">\n\t\t\t\t<div class=\"elementor-widget-container\">\n\t\t\t\t\t<script defer=\"\" type=\"text\/javascript\" src=\"https:\/\/marrakechinsiders.rezdy.com\/pluginJs\"><\/script>\n<iframe seamless=\"\" width=\"100%\" height=\"1000px\" frameborder=\"0\" class=\"rezdy\" src=\"https:\/\/marrakechinsiders.rezdy.com\/productsCalendar\/552883?iframe=true\" data-dashlane-frameid=\"3775\"><\/iframe>\t\t\t\t<\/div>\n\t\t\t\t<\/div>\n\t\t\t\t\t<\/div>\n\t\t<\/div>\n\t\t\t\t\t<\/div>\n\t\t<\/section>\n\t\t\t\t<section class=\"elementor-section elementor-top-section elementor-element elementor-element-399cea5 elementor-section-boxed elementor-section-height-default elementor-section-height-default\" data-id=\"399cea5\" data-element_type=\"section\" data-e-type=\"section\">\n\t\t\t\t\t\t<div class=\"elementor-container elementor-column-gap-default\">\n\t\t\t\t\t<div class=\"elementor-column elementor-col-50 elementor-top-column elementor-element elementor-element-fc8ac6a\" data-id=\"fc8ac6a\" data-element_type=\"column\" data-e-type=\"column\">\n\t\t\t<div class=\"elementor-widget-wrap elementor-element-populated\">\n\t\t\t\t\t\t<div class=\"elementor-element elementor-element-39e674f elementor-align-center elementor-widget elementor-widget-button\" data-id=\"39e674f\" data-element_type=\"widget\" data-e-type=\"widget\" data-widget_type=\"button.default\">\n\t\t\t\t<div class=\"elementor-widget-container\">\n\t\t\t\t\t\t\t\t\t<div class=\"elementor-button-wrapper\">\n\t\t\t\t\t<a class=\"elementor-button elementor-button-link elementor-size-sm\" href=\"https:\/\/www.marrakechinsiders.com\/es\/blog-2\/\">\n\t\t\t\t\t\t<span class=\"elementor-button-content-wrapper\">\n\t\t\t\t\t\t\t\t\t<span class=\"elementor-button-text\">centro de ayuda<\/span>\n\t\t\t\t\t<\/span>\n\t\t\t\t\t<\/a>\n\t\t\t\t<\/div>\n\t\t\t\t\t\t\t\t<\/div>\n\t\t\t\t<\/div>\n\t\t\t\t\t<\/div>\n\t\t<\/div>\n\t\t\t\t<div class=\"elementor-column elementor-col-50 elementor-top-column elementor-element elementor-element-aa38dca\" data-id=\"aa38dca\" data-element_type=\"column\" data-e-type=\"column\">\n\t\t\t<div class=\"elementor-widget-wrap elementor-element-populated\">\n\t\t\t\t\t\t<div class=\"elementor-element elementor-element-52885da elementor-align-center elementor-widget elementor-widget-button\" data-id=\"52885da\" data-element_type=\"widget\" data-e-type=\"widget\" data-widget_type=\"button.default\">\n\t\t\t\t<div class=\"elementor-widget-container\">\n\t\t\t\t\t\t\t\t\t<div class=\"elementor-button-wrapper\">\n\t\t\t\t\t<a class=\"elementor-button elementor-button-link elementor-size-sm\" href=\"https:\/\/www.marrakechinsiders.com\/es\/tarifas\/\">\n\t\t\t\t\t\t<span class=\"elementor-button-content-wrapper\">\n\t\t\t\t\t\t\t\t\t<span class=\"elementor-button-text\">Paseos y Tarifas<\/span>\n\t\t\t\t\t<\/span>\n\t\t\t\t\t<\/a>\n\t\t\t\t<\/div>\n\t\t\t\t\t\t\t\t<\/div>\n\t\t\t\t<\/div>\n\t\t\t\t\t<\/div>\n\t\t<\/div>\n\t\t\t\t\t<\/div>\n\t\t<\/section>\n\t\t\t\t<section class=\"elementor-section elementor-top-section elementor-element elementor-element-aae2204 elementor-section-boxed elementor-section-height-default elementor-section-height-default\" data-id=\"aae2204\" data-element_type=\"section\" data-e-type=\"section\">\n\t\t\t\t\t\t<div class=\"elementor-container elementor-column-gap-default\">\n\t\t\t\t\t<div class=\"elementor-column elementor-col-100 elementor-top-column elementor-element elementor-element-0ba3de1\" data-id=\"0ba3de1\" data-element_type=\"column\" data-e-type=\"column\">\n\t\t\t<div class=\"elementor-widget-wrap elementor-element-populated\">\n\t\t\t\t\t\t<div class=\"elementor-element elementor-element-72f5207 elementor-widget elementor-widget-toggle\" data-id=\"72f5207\" data-element_type=\"widget\" data-e-type=\"widget\" data-widget_type=\"toggle.default\">\n\t\t\t\t<div class=\"elementor-widget-container\">\n\t\t\t\t\t\t\t<div class=\"elementor-toggle\">\n\t\t\t\t\t\t\t<div class=\"elementor-toggle-item\">\n\t\t\t\t\t<div id=\"elementor-tab-title-1201\" class=\"elementor-tab-title\" data-tab=\"1\" role=\"button\" aria-controls=\"elementor-tab-content-1201\" aria-expanded=\"false\">\n\t\t\t\t\t\t\t\t\t\t\t\t<span class=\"elementor-toggle-icon elementor-toggle-icon-left\" aria-hidden=\"true\">\n\t\t\t\t\t\t\t\t\t\t\t\t\t\t\t<span class=\"elementor-toggle-icon-closed\"><i class=\"fas fa-caret-right\"><\/i><\/span>\n\t\t\t\t\t\t\t\t<span class=\"elementor-toggle-icon-opened\"><i class=\"elementor-toggle-icon-opened fas fa-caret-up\"><\/i><\/span>\n\t\t\t\t\t\t\t\t\t\t\t\t\t<\/span>\n\t\t\t\t\t\t\t\t\t\t\t\t<a class=\"elementor-toggle-title\" tabindex=\"0\">Su visita privada en Sidecar de Marrakech con Marrakech Insiders<\/a>\n\t\t\t\t\t<\/div>\n\n\t\t\t\t\t<div id=\"elementor-tab-content-1201\" class=\"elementor-tab-content elementor-clearfix\" data-tab=\"1\" role=\"region\" aria-labelledby=\"elementor-tab-title-1201\"><p class=\"\" data-start=\"338\" data-end=\"756\"><strong>\u00bfEst\u00e1 preparado para vivir Marrakech como nunca antes? En Marrakech Insiders, ofrecemos una experiencia exclusiva y a medida que le permite explorar la ciudad de la forma m\u00e1s \u00fanica y envolvente posible: en sidecar de \u00e9poca. Tanto si busca una escapada rom\u00e1ntica, una aventura en familia o simplemente un recorrido privado por Marrakech, le ofrecemos un viaje que se adapte a su estilo e intereses.<\/strong><\/p><p data-start=\"338\" data-end=\"756\">\u00a0<\/p><p class=\"\" data-start=\"758\" data-end=\"1201\"><strong>Reservar su viaje en sidecar con nosotros es muy sencillo. S\u00f3lo tiene que elegir la ruta que m\u00e1s le guste y nosotros nos ocuparemos del resto. Nuestros expertos locales personalizar\u00e1n el viaje seg\u00fan sus preferencias, asegur\u00e1ndose de que vea las joyas ocultas de Marrakech, lejos de los t\u00edpicos lugares tur\u00edsticos. Experimentar\u00e1 la aut\u00e9ntica cultura de la ciudad, sus vistas panor\u00e1micas y sus rincones m\u00e1s pintorescos, todo ello desde la comodidad de un sidecar.<\/strong><\/p><p data-start=\"758\" data-end=\"1201\">\u00a0<\/p><p class=\"\" data-start=\"1203\" data-end=\"1575\"><strong>Tanto si le interesa visitar la famosa medina, explorar la Palmeraie o adentrarse en el desierto de Agafay, nuestros paseos en sidecar de \u00e9poca ofrecen una forma inigualable de descubrir la belleza y el encanto de Marrakech. Con un ritmo constante de 25 km\/h, disfrutar\u00e1 de un viaje relajado e \u00edntimo sin prisas, s\u00f3lo la libertad de explorar a su propio ritmo.<\/strong><\/p><p data-start=\"1203\" data-end=\"1575\">\u00a0<\/p><p class=\"\" data-start=\"1577\" data-end=\"1816\"><strong>Reservar un viaje con Marrakech Insiders es mucho m\u00e1s que reservar una excursi\u00f3n. Se trata de crear recuerdos duraderos, descubrir Marrakech fuera de los caminos trillados y disfrutar de una aut\u00e9ntica experiencia privada que es totalmente suya.<\/strong><\/p><h3 class=\"\" data-start=\"1818\" data-end=\"1866\"><strong>\u00bfPor qu\u00e9 reservar un viaje con Marrakech Insiders?<\/strong><\/h3><p>\u00a0<\/p><ul data-start=\"1868\" data-end=\"2489\"><li class=\"\" data-start=\"1868\" data-end=\"1973\"><p class=\"\" data-start=\"1870\" data-end=\"1973\"><strong>Privado y exclusivo: visita de Marrakech sin las multitudes, en un recorrido privado y a medida.<\/strong><\/p><\/li><li class=\"\" data-start=\"1974\" data-end=\"2096\"><p class=\"\" data-start=\"1976\" data-end=\"2096\"><strong>Comodidad y estilo: Viaja en un sidecar de \u00e9poca, dise\u00f1ado para ofrecer comodidad y estilo, proporcionando un viaje inolvidable.<\/strong><\/p><\/li><li class=\"\" data-start=\"2097\" data-end=\"2232\"><p class=\"\" data-start=\"2099\" data-end=\"2232\"><strong>Expertos locales: Nuestros expertos locales compartir\u00e1n con usted los secretos de la ciudad, mostr\u00e1ndole los lugares ocultos que s\u00f3lo los lugare\u00f1os conocen.<\/strong><\/p><\/li><li class=\"\" data-start=\"2233\" data-end=\"2368\"><p class=\"\" data-start=\"2235\" data-end=\"2368\"><strong>Flexible y personalizable: Elija entre nuestro Essential Ride o Secret Ride, o d\u00e9jenos adaptar el viaje a sus intereses.<\/strong><\/p><\/li><li class=\"\" data-start=\"2369\" data-end=\"2489\"><p class=\"\" data-start=\"2371\" data-end=\"2489\"><strong>Perfecto para parejas y familias: Ideal para una experiencia rom\u00e1ntica, una excursi\u00f3n familiar o un d\u00eda con amigos.<\/strong><\/p><\/li><\/ul><h3 data-start=\"2491\" data-end=\"2528\">\u00a0<\/h3><h3 class=\"\" data-start=\"2491\" data-end=\"2528\"><strong>Reserve hoy mismo su viaje en sidecar<\/strong><\/h3><p>\u00a0<\/p><p class=\"\" data-start=\"2530\" data-end=\"2838\"><strong>Reservar es f\u00e1cil y flexible. S\u00f3lo tiene que seleccionar la fecha y la hora, y nosotros nos encargamos del resto. Tanto si planea una excursi\u00f3n de medio d\u00eda como un d\u00eda entero de exploraci\u00f3n, su aventura en sidecar le est\u00e1 esperando. Si tiene alguna petici\u00f3n especial o quiere que la experiencia sea a\u00fan m\u00e1s personal, s\u00f3lo tiene que dec\u00edrnoslo.<\/strong><\/p><p data-start=\"2530\" data-end=\"2838\">\u00a0<\/p><p class=\"\" data-start=\"2840\" data-end=\"3029\"><strong>No pierda la oportunidad de explorar Marrakech de una forma completamente \u00fanica. Reserve hoy mismo su viaje en sidecar y disfrute de una experiencia de lujo en Marrakech que no olvidar\u00e1 jam\u00e1s.<\/strong><\/p><\/div>\n\t\t\t\t<\/div>\n\t\t\t\t\t\t\t\t<\/div>\n\t\t\t\t\t\t<\/div>\n\t\t\t\t<\/div>\n\t\t\t\t\t<\/div>\n\t\t<\/div>\n\t\t\t\t\t<\/div>\n\t\t<\/section>\n\t\t\t\t<section class=\"elementor-section elementor-top-section elementor-element elementor-element-ff72d00 elementor-section-boxed elementor-section-height-default elementor-section-height-default\" data-id=\"ff72d00\" data-element_type=\"section\" data-e-type=\"section\">\n\t\t\t\t\t\t<div class=\"elementor-container elementor-column-gap-default\">\n\t\t\t\t\t<div class=\"elementor-column elementor-col-100 elementor-top-column elementor-element elementor-element-268eec0\" data-id=\"268eec0\" data-element_type=\"column\" data-e-type=\"column\">\n\t\t\t<div class=\"elementor-widget-wrap elementor-element-populated\">\n\t\t\t\t\t\t<div class=\"elementor-element elementor-element-5944cb8 elementor-widget elementor-widget-image\" data-id=\"5944cb8\" data-element_type=\"widget\" data-e-type=\"widget\" data-widget_type=\"image.default\">\n\t\t\t\t<div class=\"elementor-widget-container\">\n\t\t\t\t\t\t\t\t\t\t\t\t\t\t\t<img fetchpriority=\"high\" decoding=\"async\" width=\"750\" height=\"500\" src=\"https:\/\/www.marrakechinsiders.com\/wp-content\/uploads\/2023\/11\/1458-1024x683.webp\" class=\"attachment-large size-large wp-image-2112\" alt=\"visita de Marrakech\" srcset=\"https:\/\/www.marrakechinsiders.com\/wp-content\/uploads\/2023\/11\/1458-1024x683.webp 1024w, https:\/\/www.marrakechinsiders.com\/wp-content\/uploads\/2023\/11\/1458-300x200.webp 300w, https:\/\/www.marrakechinsiders.com\/wp-content\/uploads\/2023\/11\/1458-768x512.webp 768w, https:\/\/www.marrakechinsiders.com\/wp-content\/uploads\/2023\/11\/1458-1536x1025.webp 1536w, https:\/\/www.marrakechinsiders.com\/wp-content\/uploads\/2023\/11\/1458-2048x1366.webp 2048w, https:\/\/www.marrakechinsiders.com\/wp-content\/uploads\/2023\/11\/1458-18x12.webp 18w, https:\/\/www.marrakechinsiders.com\/wp-content\/uploads\/2023\/11\/1458-1568x1046.webp 1568w\" sizes=\"(max-width: 750px) 100vw, 750px\" style=\"width:100%;height:66.72%;max-width:2560px\" title=\"\">\t\t\t\t\t\t\t\t\t\t\t\t\t\t\t<\/div>\n\t\t\t\t<\/div>\n\t\t\t\t\t<\/div>\n\t\t<\/div>\n\t\t\t\t\t<\/div>\n\t\t<\/section>\n\t\t\t\t<\/div>","protected":false},"excerpt":{"rendered":"<p>Descubre Marrakech como nunca antes. Recorridos en sidecar a medida para el viajero curioso. Centro de ayuda. Recorridos y tarifas. Tu visita privada en sidecar por Marrakech con Marrakech Insiders. \u00bfEst\u00e1s listo para vivir Marrakech como nunca antes? En Marrakech Insiders, te ofrecemos una experiencia exclusiva y a medida que te permite explorar la ciudad de la forma m\u00e1s singular\u2026 <a class=\"more-link\" href=\"https:\/\/www.marrakechinsiders.com\/es\/reservar-un-viaje\/\">Seguir leyendo <span class=\"screen-reader-text\">RESERVAR UN VIAJE<\/span><\/a><\/p>","protected":false},"author":1,"featured_media":2660,"parent":0,"menu_order":0,"comment_status":"closed","ping_status":"closed","template":"elementor_header_footer","meta":{"_acf_changed":false,"footnotes":""},"class_list":["post-590","page","type-page","status-publish","has-post-thumbnail","hentry","entry"],"acf":[],"_links":{"self":[{"href":"https:\/\/www.marrakechinsiders.com\/es\/wp-json\/wp\/v2\/pages\/590","targetHints":{"allow":["GET"]}}],"collection":[{"href":"https:\/\/www.marrakechinsiders.com\/es\/wp-json\/wp\/v2\/pages"}],"about":[{"href":"https:\/\/www.marrakechinsiders.com\/es\/wp-json\/wp\/v2\/types\/page"}],"author":[{"embeddable":true,"href":"https:\/\/www.marrakechinsiders.com\/es\/wp-json\/wp\/v2\/users\/1"}],"replies":[{"embeddable":true,"href":"https:\/\/www.marrakechinsiders.com\/es\/wp-json\/wp\/v2\/comments?post=590"}],"version-history":[{"count":90,"href":"https:\/\/www.marrakechinsiders.com\/es\/wp-json\/wp\/v2\/pages\/590\/revisions"}],"predecessor-version":[{"id":3627,"href":"https:\/\/www.marrakechinsiders.com\/es\/wp-json\/wp\/v2\/pages\/590\/revisions\/3627"}],"wp:featuredmedia":[{"embeddable":true,"href":"https:\/\/www.marrakechinsiders.com\/es\/wp-json\/wp\/v2\/media\/2660"}],"wp:attachment":[{"href":"https:\/\/www.marrakechinsiders.com\/es\/wp-json\/wp\/v2\/media?parent=590"}],"curies":[{"name":"wp","href":"https:\/\/api.w.org\/{rel}","templated":true}]}}