{"id":2754,"date":"2025-04-04T18:51:21","date_gmt":"2025-04-04T16:51:21","guid":{"rendered":"https:\/\/marrakechinsiders.com\/?page_id=2754"},"modified":"2025-05-13T12:14:35","modified_gmt":"2025-05-13T10:14:35","slug":"tienda-marrakech-insiders","status":"publish","type":"page","link":"https:\/\/www.marrakechinsiders.com\/es\/tienda-marrakech-insiders\/","title":{"rendered":"TIENDA MERCHANDISING MARRAKECH INSIDERS"},"content":{"rendered":"<div data-elementor-type=\"wp-page\" data-elementor-id=\"2754\" class=\"elementor elementor-2754\" data-elementor-post-type=\"page\">\n\t\t\t\t\t\t<section class=\"elementor-section elementor-top-section elementor-element elementor-element-d812049 elementor-section-height-min-height elementor-section-boxed elementor-section-height-default elementor-section-items-middle\" data-id=\"d812049\" data-element_type=\"section\" data-e-type=\"section\" data-settings=\"{&quot;background_background&quot;:&quot;classic&quot;}\">\n\t\t\t\t\t\t<div class=\"elementor-container elementor-column-gap-default\">\n\t\t\t\t\t<div class=\"elementor-column elementor-col-100 elementor-top-column elementor-element elementor-element-5e217a4\" data-id=\"5e217a4\" data-element_type=\"column\" data-e-type=\"column\">\n\t\t\t<div class=\"elementor-widget-wrap elementor-element-populated\">\n\t\t\t\t\t\t<div class=\"elementor-element elementor-element-af44adf elementor-widget elementor-widget-heading\" data-id=\"af44adf\" data-element_type=\"widget\" data-e-type=\"widget\" data-widget_type=\"heading.default\">\n\t\t\t\t<div class=\"elementor-widget-container\">\n\t\t\t\t\t<h1 class=\"elementor-heading-title elementor-size-default\">Tienda<\/h1>\t\t\t\t<\/div>\n\t\t\t\t<\/div>\n\t\t\t\t<div class=\"elementor-element elementor-element-22150ca elementor-widget elementor-widget-heading\" data-id=\"22150ca\" data-element_type=\"widget\" data-e-type=\"widget\" data-widget_type=\"heading.default\">\n\t\t\t\t<div class=\"elementor-widget-container\">\n\t\t\t\t\t<h2 class=\"elementor-heading-title elementor-size-default\">Informaci\u00f3n privilegiada sobre Marrackech<\/h2>\t\t\t\t<\/div>\n\t\t\t\t<\/div>\n\t\t\t\t\t<\/div>\n\t\t<\/div>\n\t\t\t\t\t<\/div>\n\t\t<\/section>\n\t\t\t\t<section class=\"elementor-section elementor-top-section elementor-element elementor-element-6caf75b elementor-section-stretched elementor-section-boxed elementor-section-height-default elementor-section-height-default\" data-id=\"6caf75b\" data-element_type=\"section\" data-e-type=\"section\" data-settings=\"{&quot;stretch_section&quot;:&quot;section-stretched&quot;}\">\n\t\t\t\t\t\t<div class=\"elementor-container elementor-column-gap-default\">\n\t\t\t\t\t<div class=\"elementor-column elementor-col-100 elementor-top-column elementor-element elementor-element-291270a\" data-id=\"291270a\" data-element_type=\"column\" data-e-type=\"column\">\n\t\t\t<div class=\"elementor-widget-wrap elementor-element-populated\">\n\t\t\t\t\t\t<div class=\"elementor-element elementor-element-b91f0d8 elementor-widget-mobile__width-inherit elementor-widget elementor-widget-html\" data-id=\"b91f0d8\" data-element_type=\"widget\" data-e-type=\"widget\" data-widget_type=\"html.default\">\n\t\t\t\t<div class=\"elementor-widget-container\">\n\t\t\t\t\t<script defer=\"\" type=\"text\/javascript\" src=\"https:\/\/marrakechinsiders.rezdy.com\/pluginJs\"><\/script>\n                <iframe seamless=\"\" width=\"100%\" height=\"1000px\" frameborder=\"0\" class=\"rezdy\" src=\"https:\/\/marrakechinsiders.rezdy.com\/catalog\/609879\/merchandising?iframe=true\"><\/iframe>\t\t\t\t<\/div>\n\t\t\t\t<\/div>\n\t\t\t\t\t<\/div>\n\t\t<\/div>\n\t\t\t\t\t<\/div>\n\t\t<\/section>\n\t\t\t\t<section class=\"elementor-section elementor-top-section elementor-element elementor-element-aa5a7e9 elementor-section-boxed elementor-section-height-default elementor-section-height-default\" data-id=\"aa5a7e9\" data-element_type=\"section\" data-e-type=\"section\">\n\t\t\t\t\t\t<div class=\"elementor-container elementor-column-gap-default\">\n\t\t\t\t\t<div class=\"elementor-column elementor-col-33 elementor-top-column elementor-element elementor-element-3c13a41\" data-id=\"3c13a41\" data-element_type=\"column\" data-e-type=\"column\">\n\t\t\t<div class=\"elementor-widget-wrap\">\n\t\t\t\t\t\t\t<\/div>\n\t\t<\/div>\n\t\t\t\t<div class=\"elementor-column elementor-col-33 elementor-top-column elementor-element elementor-element-fa67aba\" data-id=\"fa67aba\" data-element_type=\"column\" data-e-type=\"column\">\n\t\t\t<div class=\"elementor-widget-wrap elementor-element-populated\">\n\t\t\t\t\t\t<div class=\"elementor-element elementor-element-c6fb78a elementor-widget elementor-widget-image\" data-id=\"c6fb78a\" data-element_type=\"widget\" data-e-type=\"widget\" data-widget_type=\"image.default\">\n\t\t\t\t<div class=\"elementor-widget-container\">\n\t\t\t\t\t\t\t\t\t\t\t\t\t\t\t<img decoding=\"async\" width=\"300\" height=\"35\" src=\"https:\/\/www.marrakechinsiders.com\/wp-content\/uploads\/2025\/04\/Badges-moyens-de-paiements-300x35.png\" class=\"attachment-medium size-medium wp-image-3363\" alt=\"Medios de pago\" srcset=\"https:\/\/www.marrakechinsiders.com\/wp-content\/uploads\/2025\/04\/Badges-moyens-de-paiements-300x35.png 300w, https:\/\/www.marrakechinsiders.com\/wp-content\/uploads\/2025\/04\/Badges-moyens-de-paiements-1024x120.png 1024w, https:\/\/www.marrakechinsiders.com\/wp-content\/uploads\/2025\/04\/Badges-moyens-de-paiements-768x90.png 768w, https:\/\/www.marrakechinsiders.com\/wp-content\/uploads\/2025\/04\/Badges-moyens-de-paiements-1536x180.png 1536w, https:\/\/www.marrakechinsiders.com\/wp-content\/uploads\/2025\/04\/Badges-moyens-de-paiements-18x2.png 18w, https:\/\/www.marrakechinsiders.com\/wp-content\/uploads\/2025\/04\/Badges-moyens-de-paiements-1568x184.png 1568w, https:\/\/www.marrakechinsiders.com\/wp-content\/uploads\/2025\/04\/Badges-moyens-de-paiements.png 1706w\" sizes=\"(max-width: 300px) 100vw, 300px\" style=\"width:100%;height:11.72%;max-width:1706px\" title=\"\">\t\t\t\t\t\t\t\t\t\t\t\t\t\t\t<\/div>\n\t\t\t\t<\/div>\n\t\t\t\t\t<\/div>\n\t\t<\/div>\n\t\t\t\t<div class=\"elementor-column elementor-col-33 elementor-top-column elementor-element elementor-element-ffc2f55\" data-id=\"ffc2f55\" data-element_type=\"column\" data-e-type=\"column\">\n\t\t\t<div class=\"elementor-widget-wrap\">\n\t\t\t\t\t\t\t<\/div>\n\t\t<\/div>\n\t\t\t\t\t<\/div>\n\t\t<\/section>\n\t\t\t\t<section class=\"elementor-section elementor-top-section elementor-element elementor-element-7b01e510 elementor-section-content-middle elementor-section-boxed elementor-section-height-default elementor-section-height-default\" data-id=\"7b01e510\" data-element_type=\"section\" data-e-type=\"section\" data-settings=\"{&quot;background_background&quot;:&quot;classic&quot;}\">\n\t\t\t\t\t\t<div class=\"elementor-container elementor-column-gap-no\">\n\t\t\t\t\t<div class=\"elementor-column elementor-col-100 elementor-top-column elementor-element elementor-element-311639d4\" data-id=\"311639d4\" data-element_type=\"column\" data-e-type=\"column\">\n\t\t\t<div class=\"elementor-widget-wrap elementor-element-populated\">\n\t\t\t\t\t\t<div class=\"elementor-element elementor-element-e402299 elementor-widget elementor-widget-heading\" data-id=\"e402299\" data-element_type=\"widget\" data-e-type=\"widget\" data-widget_type=\"heading.default\">\n\t\t\t\t<div class=\"elementor-widget-container\">\n\t\t\t\t\t<h2 class=\"elementor-heading-title elementor-size-default\">Explora Nuestra Exclusiva Tienda Merch Marrakech Insiders.<\/h2>\t\t\t\t<\/div>\n\t\t\t\t<\/div>\n\t\t\t\t<div class=\"elementor-element elementor-element-bc73b7b elementor-widget elementor-widget-text-editor\" data-id=\"bc73b7b\" data-element_type=\"widget\" data-e-type=\"widget\" data-widget_type=\"text-editor.default\">\n\t\t\t\t<div class=\"elementor-widget-container\">\n\t\t\t\t\t\t\t\t\t<p class=\"\" data-start=\"74\" data-end=\"604\">Le invitamos a descubrir una selecci\u00f3n de productos cuidadosamente seleccionados que captan la esencia de <strong data-start=\"170\" data-end=\"192\">Marrakech Insiders<\/strong>.<\/p><p class=\"\" data-start=\"74\" data-end=\"604\">En nuestra tienda encontrar\u00e1 art\u00edculos \u00fanicos, como <strong data-start=\"243\" data-end=\"269\">carteles creados por artistas<\/strong>que van desde <strong data-start=\"284\" data-end=\"312\">ropa inspirada en los sidecares<\/strong> a <strong data-start=\"316\" data-end=\"347\">creaciones artesanales locales<\/strong>perfecto para guardar un recuerdo <strong data-start=\"381\" data-end=\"393\">recuerdo<\/strong> de su <strong data-start=\"402\" data-end=\"426\">Experiencia en Marrakech<\/strong>.<\/p><p class=\"\" data-start=\"74\" data-end=\"604\">Tanto si busca un <strong data-start=\"457\" data-end=\"473\">regalo especial<\/strong> o un <strong data-start=\"480\" data-end=\"501\">recuerdo aut\u00e9ntico<\/strong>Hay para todos los gustos. <strong data-start=\"535\" data-end=\"564\">Vea nuestra colecci\u00f3n ahora<\/strong> y ll\u00e9vate a casa un trozo de <strong data-start=\"590\" data-end=\"603\">Marrakech<\/strong>.<\/p>\t\t\t\t\t\t\t\t<\/div>\n\t\t\t\t<\/div>\n\t\t\t\t<div class=\"elementor-element elementor-element-3de537e7 elementor--h-position-center elementor--v-position-middle elementor-arrows-position-inside elementor-pagination-position-inside elementor-widget elementor-widget-slides\" data-id=\"3de537e7\" data-element_type=\"widget\" data-e-type=\"widget\" data-settings=\"{&quot;transition&quot;:&quot;fade&quot;,&quot;navigation&quot;:&quot;both&quot;,&quot;autoplay&quot;:&quot;yes&quot;,&quot;pause_on_hover&quot;:&quot;yes&quot;,&quot;pause_on_interaction&quot;:&quot;yes&quot;,&quot;autoplay_speed&quot;:5000,&quot;infinite&quot;:&quot;yes&quot;,&quot;transition_speed&quot;:500}\" data-widget_type=\"slides.default\">\n\t\t\t\t<div class=\"elementor-widget-container\">\n\t\t\t\t\t\t\t\t\t<div class=\"elementor-swiper\">\n\t\t\t\t\t<div class=\"elementor-slides-wrapper elementor-main-swiper swiper\" role=\"region\" aria-roledescription=\"carousel\" aria-label=\"Diapositivas\" dir=\"ltr\" data-animation=\"fadeInUp\">\n\t\t\t\t<div class=\"swiper-wrapper elementor-slides\">\n\t\t\t\t\t\t\t\t\t\t<div class=\"elementor-repeater-item-32fceef swiper-slide\" role=\"group\" aria-roledescription=\"slide\"><div class=\"swiper-slide-bg\" role=\"img\" aria-label=\"Diapositivas\"><\/div><div class=\"swiper-slide-inner\" ><div class=\"swiper-slide-contents\"><\/div><\/div><\/div><div class=\"elementor-repeater-item-b818ae6 swiper-slide\" role=\"group\" aria-roledescription=\"slide\"><div class=\"swiper-slide-bg\" role=\"img\" aria-label=\"Diapositivas\"><\/div><div class=\"swiper-slide-inner\" ><div class=\"swiper-slide-contents\"><\/div><\/div><\/div><div class=\"elementor-repeater-item-186b1be swiper-slide\" role=\"group\" aria-roledescription=\"slide\"><div class=\"swiper-slide-bg\" role=\"img\" aria-label=\"Diapositivas\"><\/div><div class=\"swiper-slide-inner\" ><div class=\"swiper-slide-contents\"><\/div><\/div><\/div>\t\t\t\t<\/div>\n\t\t\t\t\t\t\t\t\t\t\t\t\t\t\t<div class=\"elementor-swiper-button elementor-swiper-button-prev\" role=\"button\" tabindex=\"0\" aria-label=\"Diapositivas\">\n\t\t\t\t\t\t\t<i aria-hidden=\"true\" class=\"eicon-chevron-left\"><\/i>\t\t\t\t\t\t<\/div>\n\t\t\t\t\t\t<div class=\"elementor-swiper-button elementor-swiper-button-next\" role=\"button\" tabindex=\"0\" aria-label=\"Diapositivas\">\n\t\t\t\t\t\t\t<i aria-hidden=\"true\" class=\"eicon-chevron-right\"><\/i>\t\t\t\t\t\t<\/div>\n\t\t\t\t\t\t\t\t\t\t\t\t\t\t\t\t<div class=\"swiper-pagination\"><\/div>\n\t\t\t\t\t\t\t\t\t\t\t\t<\/div>\n\t\t\t\t<\/div>\n\t\t\t\t\t\t\t\t<\/div>\n\t\t\t\t<\/div>\n\t\t\t\t\t<\/div>\n\t\t<\/div>\n\t\t\t\t\t<\/div>\n\t\t<\/section>\n\t\t\t\t<section class=\"elementor-section elementor-top-section elementor-element elementor-element-ec1025f elementor-section-boxed elementor-section-height-default elementor-section-height-default\" data-id=\"ec1025f\" data-element_type=\"section\" data-e-type=\"section\">\n\t\t\t\t\t\t<div class=\"elementor-container elementor-column-gap-default\">\n\t\t\t\t\t<div class=\"elementor-column elementor-col-33 elementor-top-column elementor-element elementor-element-df8b2db\" data-id=\"df8b2db\" data-element_type=\"column\" data-e-type=\"column\">\n\t\t\t<div class=\"elementor-widget-wrap elementor-element-populated\">\n\t\t\t\t\t\t<div class=\"elementor-element elementor-element-65445b9 elementor-align-center elementor-widget elementor-widget-button\" data-id=\"65445b9\" data-element_type=\"widget\" data-e-type=\"widget\" data-widget_type=\"button.default\">\n\t\t\t\t<div class=\"elementor-widget-container\">\n\t\t\t\t\t\t\t\t\t<div class=\"elementor-button-wrapper\">\n\t\t\t\t\t<a class=\"elementor-button elementor-button-link elementor-size-sm\" href=\"https:\/\/www.marrakechinsiders.com\/es\/tarifas\/\">\n\t\t\t\t\t\t<span class=\"elementor-button-content-wrapper\">\n\t\t\t\t\t\t\t\t\t<span class=\"elementor-button-text\">PASES Y TARIFAS<\/span>\n\t\t\t\t\t<\/span>\n\t\t\t\t\t<\/a>\n\t\t\t\t<\/div>\n\t\t\t\t\t\t\t\t<\/div>\n\t\t\t\t<\/div>\n\t\t\t\t\t<\/div>\n\t\t<\/div>\n\t\t\t\t<div class=\"elementor-column elementor-col-33 elementor-top-column elementor-element elementor-element-fdc8ea8\" data-id=\"fdc8ea8\" data-element_type=\"column\" data-e-type=\"column\">\n\t\t\t<div class=\"elementor-widget-wrap elementor-element-populated\">\n\t\t\t\t\t\t<div class=\"elementor-element elementor-element-3ae4448 elementor-align-center elementor-widget elementor-widget-button\" data-id=\"3ae4448\" data-element_type=\"widget\" data-e-type=\"widget\" data-widget_type=\"button.default\">\n\t\t\t\t<div class=\"elementor-widget-container\">\n\t\t\t\t\t\t\t\t\t<div class=\"elementor-button-wrapper\">\n\t\t\t\t\t<a class=\"elementor-button elementor-button-link elementor-size-sm\" href=\"https:\/\/www.marrakechinsiders.com\/es\/lo-que-hacemos\/\">\n\t\t\t\t\t\t<span class=\"elementor-button-content-wrapper\">\n\t\t\t\t\t\t\t\t\t<span class=\"elementor-button-text\">QU\u00c9 HACEMOS<\/span>\n\t\t\t\t\t<\/span>\n\t\t\t\t\t<\/a>\n\t\t\t\t<\/div>\n\t\t\t\t\t\t\t\t<\/div>\n\t\t\t\t<\/div>\n\t\t\t\t\t<\/div>\n\t\t<\/div>\n\t\t\t\t<div class=\"elementor-column elementor-col-33 elementor-top-column elementor-element elementor-element-a3f26e6\" data-id=\"a3f26e6\" data-element_type=\"column\" data-e-type=\"column\">\n\t\t\t<div class=\"elementor-widget-wrap elementor-element-populated\">\n\t\t\t\t\t\t<div class=\"elementor-element elementor-element-ee15a21 elementor-align-center elementor-widget elementor-widget-button\" data-id=\"ee15a21\" data-element_type=\"widget\" data-e-type=\"widget\" data-widget_type=\"button.default\">\n\t\t\t\t<div class=\"elementor-widget-container\">\n\t\t\t\t\t\t\t\t\t<div class=\"elementor-button-wrapper\">\n\t\t\t\t\t<a class=\"elementor-button elementor-button-link elementor-size-sm\" href=\"https:\/\/www.marrakechinsiders.com\/es\/pongase-en-contacto-con\/\">\n\t\t\t\t\t\t<span class=\"elementor-button-content-wrapper\">\n\t\t\t\t\t\t\t\t\t<span class=\"elementor-button-text\">CONTACTAR CON LOS INICIADOS<\/span>\n\t\t\t\t\t<\/span>\n\t\t\t\t\t<\/a>\n\t\t\t\t<\/div>\n\t\t\t\t\t\t\t\t<\/div>\n\t\t\t\t<\/div>\n\t\t\t\t\t<\/div>\n\t\t<\/div>\n\t\t\t\t\t<\/div>\n\t\t<\/section>\n\t\t\t\t<\/div>","protected":false},"excerpt":{"rendered":"<p>Tienda Merch Marrakech Insiders Explora Nuestra Exclusiva Tienda Merch Marrakech Insiders. Te invitamos a descubrir una selecci\u00f3n de productos cuidadosamente seleccionados que capturan la esencia de Marrakech Insiders. En nuestra tienda, encontrar\u00e1s art\u00edculos \u00fanicos, incluyendo p\u00f3sters creados por artistas, que van desde ropa inspirada en sidecars hasta creaciones artesanales locales, perfectos para conservar un recuerdo memorable de tu... <a class=\"more-link\" href=\"https:\/\/www.marrakechinsiders.com\/es\/tienda-marrakech-insiders\/\">Seguir leyendo <span class=\"screen-reader-text\">TIENDA MERCHANDISING MARRAKECH INSIDERS<\/span><\/a><\/p>","protected":false},"author":2,"featured_media":0,"parent":0,"menu_order":0,"comment_status":"closed","ping_status":"closed","template":"elementor_header_footer","meta":{"_acf_changed":false,"footnotes":""},"class_list":["post-2754","page","type-page","status-publish","hentry","entry"],"acf":[],"_links":{"self":[{"href":"https:\/\/www.marrakechinsiders.com\/es\/wp-json\/wp\/v2\/pages\/2754","targetHints":{"allow":["GET"]}}],"collection":[{"href":"https:\/\/www.marrakechinsiders.com\/es\/wp-json\/wp\/v2\/pages"}],"about":[{"href":"https:\/\/www.marrakechinsiders.com\/es\/wp-json\/wp\/v2\/types\/page"}],"author":[{"embeddable":true,"href":"https:\/\/www.marrakechinsiders.com\/es\/wp-json\/wp\/v2\/users\/2"}],"replies":[{"embeddable":true,"href":"https:\/\/www.marrakechinsiders.com\/es\/wp-json\/wp\/v2\/comments?post=2754"}],"version-history":[{"count":36,"href":"https:\/\/www.marrakechinsiders.com\/es\/wp-json\/wp\/v2\/pages\/2754\/revisions"}],"predecessor-version":[{"id":3500,"href":"https:\/\/www.marrakechinsiders.com\/es\/wp-json\/wp\/v2\/pages\/2754\/revisions\/3500"}],"wp:attachment":[{"href":"https:\/\/www.marrakechinsiders.com\/es\/wp-json\/wp\/v2\/media?parent=2754"}],"curies":[{"name":"wp","href":"https:\/\/api.w.org\/{rel}","templated":true}]}}