{"id":3999,"date":"2026-03-20T14:40:09","date_gmt":"2026-03-20T14:40:09","guid":{"rendered":"https:\/\/www.marrakechinsiders.com\/?page_id=3999"},"modified":"2026-03-27T09:52:27","modified_gmt":"2026-03-27T08:52:27","slug":"the-sadaka-ride-private-sidecar-adventure-3h","status":"publish","type":"page","link":"https:\/\/www.marrakechinsiders.com\/en_us\/the-sadaka-ride-private-sidecar-adventure-3h\/","title":{"rendered":"The Sadaka Ride Private Sidecar Adventure &#8211; 3h"},"content":{"rendered":"\t\t<div data-elementor-type=\"wp-page\" data-elementor-id=\"3999\" class=\"elementor elementor-3999\" data-elementor-post-type=\"page\">\n\t\t\t\t<div class=\"elementor-element elementor-element-b624edd e-con-full e-flex e-con e-parent\" data-id=\"b624edd\" data-element_type=\"container\" data-e-type=\"container\">\n\t\t\t\t<div class=\"elementor-element elementor-element-5231415 elementor-widget elementor-widget-heading\" data-id=\"5231415\" data-element_type=\"widget\" data-e-type=\"widget\" data-widget_type=\"heading.default\">\n\t\t\t\t<div class=\"elementor-widget-container\">\n\t\t\t\t\t<h1 class=\"elementor-heading-title elementor-size-default\">The Sadaka Ride Private Sidecar Adventure - 3h<\/h1>\t\t\t\t<\/div>\n\t\t\t\t<\/div>\n\t\t\t\t<\/div>\n\t\t<div class=\"elementor-element elementor-element-0f6d2f1 e-con-full e-flex e-con e-parent\" data-id=\"0f6d2f1\" data-element_type=\"container\" data-e-type=\"container\">\n\t\t<div class=\"elementor-element elementor-element-042c8eb e-con-full e-flex e-con e-child\" data-id=\"042c8eb\" data-element_type=\"container\" data-e-type=\"container\">\n\t\t\t\t<div class=\"elementor-element elementor-element-491a88d elementor-widget__width-inherit elementor-widget elementor-widget-image\" data-id=\"491a88d\" data-element_type=\"widget\" data-e-type=\"widget\" data-widget_type=\"image.default\">\n\t\t\t\t<div class=\"elementor-widget-container\">\n\t\t\t\t\t\t\t\t\t\t\t\t\t\t\t<img fetchpriority=\"high\" decoding=\"async\" width=\"683\" height=\"1024\" src=\"https:\/\/www.marrakechinsiders.com\/wp-content\/uploads\/2023\/09\/SOPH8410-683x1024.webp\" class=\"attachment-large size-large wp-image-833\" alt=\"upside down house marrakech Insiders\" srcset=\"https:\/\/www.marrakechinsiders.com\/wp-content\/uploads\/2023\/09\/SOPH8410-683x1024.webp 683w, https:\/\/www.marrakechinsiders.com\/wp-content\/uploads\/2023\/09\/SOPH8410-200x300.webp 200w, https:\/\/www.marrakechinsiders.com\/wp-content\/uploads\/2023\/09\/SOPH8410-768x1151.webp 768w, https:\/\/www.marrakechinsiders.com\/wp-content\/uploads\/2023\/09\/SOPH8410-1025x1536.webp 1025w, https:\/\/www.marrakechinsiders.com\/wp-content\/uploads\/2023\/09\/SOPH8410.webp 1280w\" sizes=\"(max-width: 683px) 100vw, 683px\" style=\"width:100%;height:149.92%;max-width:1280px\" title=\"\">\t\t\t\t\t\t\t\t\t\t\t\t\t\t\t<\/div>\n\t\t\t\t<\/div>\n\t\t\t\t<\/div>\n\t\t<div class=\"elementor-element elementor-element-0d2457d e-con-full e-grid e-con e-child\" data-id=\"0d2457d\" data-element_type=\"container\" data-e-type=\"container\">\n\t\t<div class=\"elementor-element elementor-element-43bc01f e-con-full e-flex e-con e-child\" data-id=\"43bc01f\" data-element_type=\"container\" data-e-type=\"container\" data-settings=\"{&quot;background_background&quot;:&quot;classic&quot;}\">\n\t\t\t\t<\/div>\n\t\t<div class=\"elementor-element elementor-element-5a414f0 e-con-full e-flex e-con e-child\" data-id=\"5a414f0\" data-element_type=\"container\" data-e-type=\"container\" data-settings=\"{&quot;background_background&quot;:&quot;classic&quot;}\">\n\t\t\t\t<\/div>\n\t\t<div class=\"elementor-element elementor-element-47a9807 e-con-full e-flex e-con e-child\" data-id=\"47a9807\" data-element_type=\"container\" data-e-type=\"container\" data-settings=\"{&quot;background_background&quot;:&quot;classic&quot;}\">\n\t\t\t\t<\/div>\n\t\t<div class=\"elementor-element elementor-element-0cb0ef8 e-con-full e-flex e-con e-child\" data-id=\"0cb0ef8\" data-element_type=\"container\" data-e-type=\"container\" data-settings=\"{&quot;background_background&quot;:&quot;classic&quot;}\">\n\t\t\t\t<\/div>\n\t\t\t\t<\/div>\n\t\t\t\t<\/div>\n\t\t<div class=\"elementor-element elementor-element-5fdaf35 e-con-full e-flex e-con e-parent\" data-id=\"5fdaf35\" data-element_type=\"container\" data-e-type=\"container\">\n\t\t<div class=\"elementor-element elementor-element-8d43213 e-con-full e-flex e-con e-child\" data-id=\"8d43213\" data-element_type=\"container\" data-e-type=\"container\">\n\t\t\t\t<div class=\"elementor-element elementor-element-7dcf5c3 elementor-widget elementor-widget-heading\" data-id=\"7dcf5c3\" data-element_type=\"widget\" data-e-type=\"widget\" data-widget_type=\"heading.default\">\n\t\t\t\t<div class=\"elementor-widget-container\">\n\t\t\t\t\t<h2 class=\"elementor-heading-title elementor-size-default\">Summary<\/h2>\t\t\t\t<\/div>\n\t\t\t\t<\/div>\n\t\t\t\t<div class=\"elementor-element elementor-element-f316541 elementor-widget elementor-widget-text-editor\" data-id=\"f316541\" data-element_type=\"widget\" data-e-type=\"widget\" data-widget_type=\"text-editor.default\">\n\t\t\t\t<div class=\"elementor-widget-container\">\n\t\t\t\t\t\t\t\t\t<p>Ride off the beaten path through the\u00a0<b>medina and the palm grove<\/b>\u00a0to make your way towards Dar El Sadaka. Visit the incredible world of\u00a0<b>Jean-Francois Fourtou&#8217;s sculpture park<\/b>\u00a0in Dar El Sadaka, where the artist&#8217;s pieces are exposed, such as &#8220;<b>The House Fallen From the Sky<\/b>&#8221; and &#8220;<b>The Giant\u2019s House<\/b>&#8221;\u00a0before concluding your three-wheeled adventure back to town<\/p>\t\t\t\t\t\t\t\t<\/div>\n\t\t\t\t<\/div>\n\t\t\t\t<div class=\"elementor-element elementor-element-7b269c9 elementor-widget elementor-widget-heading\" data-id=\"7b269c9\" data-element_type=\"widget\" data-e-type=\"widget\" data-widget_type=\"heading.default\">\n\t\t\t\t<div class=\"elementor-widget-container\">\n\t\t\t\t\t<h2 class=\"elementor-heading-title elementor-size-default\">About this activity<\/h2>\t\t\t\t<\/div>\n\t\t\t\t<\/div>\n\t\t<div class=\"elementor-element elementor-element-c35dae3 e-grid e-con-full e-con e-child\" data-id=\"c35dae3\" data-element_type=\"container\" data-e-type=\"container\">\n\t\t\t\t<div class=\"elementor-element elementor-element-87e8ba4 elementor-position-inline-start elementor-view-default elementor-mobile-position-block-start elementor-widget elementor-widget-icon-box\" data-id=\"87e8ba4\" data-element_type=\"widget\" data-e-type=\"widget\" data-widget_type=\"icon-box.default\">\n\t\t\t\t<div class=\"elementor-widget-container\">\n\t\t\t\t\t\t\t<div class=\"elementor-icon-box-wrapper\">\n\n\t\t\t\t\t\t<div class=\"elementor-icon-box-icon\">\n\t\t\t\t<span  class=\"elementor-icon\">\n\t\t\t\t<i aria-hidden=\"true\" class=\"far fa-clock\"><\/i>\t\t\t\t<\/span>\n\t\t\t<\/div>\n\t\t\t\n\t\t\t\t\t\t<div class=\"elementor-icon-box-content\">\n\n\t\t\t\t\t\t\t\t\t<h3 class=\"elementor-icon-box-title\">\n\t\t\t\t\t\t<span  >\n\t\t\t\t\t\t\tTailor-made <br>(50% driving \/ 50% walking)\t\t\t\t\t\t<\/span>\n\t\t\t\t\t<\/h3>\n\t\t\t\t\n\t\t\t\t\n\t\t\t<\/div>\n\t\t\t\n\t\t<\/div>\n\t\t\t\t\t\t<\/div>\n\t\t\t\t<\/div>\n\t\t\t\t<div class=\"elementor-element elementor-element-27d891e elementor-position-inline-start elementor-view-default elementor-mobile-position-block-start elementor-widget elementor-widget-icon-box\" data-id=\"27d891e\" data-element_type=\"widget\" data-e-type=\"widget\" data-widget_type=\"icon-box.default\">\n\t\t\t\t<div class=\"elementor-widget-container\">\n\t\t\t\t\t\t\t<div class=\"elementor-icon-box-wrapper\">\n\n\t\t\t\t\t\t<div class=\"elementor-icon-box-icon\">\n\t\t\t\t<a href=\"https:\/\/maps.app.goo.gl\/Hb1gDRciEHEPiBoo7\" target=\"_blank\" class=\"elementor-icon\" tabindex=\"-1\" aria-label=\"Click here to see our starting point\" rel=\"noopener\">\n\t\t\t\t<i aria-hidden=\"true\" class=\"fas fa-bus-alt\"><\/i>\t\t\t\t<\/a>\n\t\t\t<\/div>\n\t\t\t\n\t\t\t\t\t\t<div class=\"elementor-icon-box-content\">\n\n\t\t\t\t\t\t\t\t\t<h3 class=\"elementor-icon-box-title\">\n\t\t\t\t\t\t<a href=\"https:\/\/maps.app.goo.gl\/Hb1gDRciEHEPiBoo7\" target=\"_blank\" rel=\"noopener\">\n\t\t\t\t\t\t\tClick here to see our starting point\t\t\t\t\t\t<\/a>\n\t\t\t\t\t<\/h3>\n\t\t\t\t\n\t\t\t\t\n\t\t\t<\/div>\n\t\t\t\n\t\t<\/div>\n\t\t\t\t\t\t<\/div>\n\t\t\t\t<\/div>\n\t\t\t\t<div class=\"elementor-element elementor-element-e311056 elementor-position-inline-start elementor-view-default elementor-mobile-position-block-start elementor-widget elementor-widget-icon-box\" data-id=\"e311056\" data-element_type=\"widget\" data-e-type=\"widget\" data-widget_type=\"icon-box.default\">\n\t\t\t\t<div class=\"elementor-widget-container\">\n\t\t\t\t\t\t\t<div class=\"elementor-icon-box-wrapper\">\n\n\t\t\t\t\t\t<div class=\"elementor-icon-box-icon\">\n\t\t\t\t<span  class=\"elementor-icon\">\n\t\t\t\t<i aria-hidden=\"true\" class=\"fas fa-glass-whiskey\"><\/i>\t\t\t\t<\/span>\n\t\t\t<\/div>\n\t\t\t\n\t\t\t\t\t\t<div class=\"elementor-icon-box-content\">\n\n\t\t\t\t\t\t\t\t\t<h3 class=\"elementor-icon-box-title\">\n\t\t\t\t\t\t<span  >\n\t\t\t\t\t\t\tRefreshing drinks included (Meals optional)\t\t\t\t\t\t<\/span>\n\t\t\t\t\t<\/h3>\n\t\t\t\t\n\t\t\t\t\n\t\t\t<\/div>\n\t\t\t\n\t\t<\/div>\n\t\t\t\t\t\t<\/div>\n\t\t\t\t<\/div>\n\t\t\t\t<div class=\"elementor-element elementor-element-c53ad61 elementor-position-inline-start elementor-view-default elementor-mobile-position-block-start elementor-widget elementor-widget-icon-box\" data-id=\"c53ad61\" data-element_type=\"widget\" data-e-type=\"widget\" data-widget_type=\"icon-box.default\">\n\t\t\t\t<div class=\"elementor-widget-container\">\n\t\t\t\t\t\t\t<div class=\"elementor-icon-box-wrapper\">\n\n\t\t\t\t\t\t<div class=\"elementor-icon-box-icon\">\n\t\t\t\t<span  class=\"elementor-icon\">\n\t\t\t\t<i aria-hidden=\"true\" class=\"fas fa-map-signs\"><\/i>\t\t\t\t<\/span>\n\t\t\t<\/div>\n\t\t\t\n\t\t\t\t\t\t<div class=\"elementor-icon-box-content\">\n\n\t\t\t\t\t\t\t\t\t<h3 class=\"elementor-icon-box-title\">\n\t\t\t\t\t\t<span  >\n\t\t\t\t\t\t\tDedicated private Insider\t\t\t\t\t\t<\/span>\n\t\t\t\t\t<\/h3>\n\t\t\t\t\n\t\t\t\t\n\t\t\t<\/div>\n\t\t\t\n\t\t<\/div>\n\t\t\t\t\t\t<\/div>\n\t\t\t\t<\/div>\n\t\t\t\t<\/div>\n\t\t\t\t<div class=\"elementor-element elementor-element-8ec7f65 elementor-widget elementor-widget-heading\" data-id=\"8ec7f65\" data-element_type=\"widget\" data-e-type=\"widget\" data-widget_type=\"heading.default\">\n\t\t\t\t<div class=\"elementor-widget-container\">\n\t\t\t\t\t<h2 class=\"elementor-heading-title elementor-size-default\">More information<\/h2>\t\t\t\t<\/div>\n\t\t\t\t<\/div>\n\t\t\t\t<div class=\"elementor-element elementor-element-cf5c4db elementor-widget elementor-widget-text-editor\" data-id=\"cf5c4db\" data-element_type=\"widget\" data-e-type=\"widget\" data-widget_type=\"text-editor.default\">\n\t\t\t\t<div class=\"elementor-widget-container\">\n\t\t\t\t\t\t\t\t\t<h3 style=\"font-size: 1.5rem;\" data-path-to-node=\"9\">Highlights<\/h3>\n<div style=\"height: 1.2rem;\">&nbsp;<\/div>\n<ul>\n<li><b data-path-to-node=\"2,1,0\" data-index-in-node=\"0\">Exclusive access:<\/b> A rare invitation to Dar El Sadaka, a private sculpture park strictly closed to the general public.<\/li>\n<li><b data-path-to-node=\"2,2,0\" data-index-in-node=\"0\">Surreal artistry:<\/b> Explore 25 acres of immersive, mind-bending installations by French artist Jean-Fran\u00e7ois Fourtou.<\/li>\n<li><b data-path-to-node=\"2,3,0\" data-index-in-node=\"0\">Skewed perceptions:<\/b> Step inside the &#8220;Giant\u2019s House&#8221; and the topsy-turvy &#8220;House Fallen from the Sky&#8221; to see the world through a child\u2019s eyes.<\/li>\n<li><b data-path-to-node=\"2,4,0\" data-index-in-node=\"0\">Dreamlike grounds:<\/b> Wander past other-worldly shapes hanging from trees and an army of lifelike &#8220;sculpture-workers.&#8221;<\/li>\n<li><b data-path-to-node=\"2,5,0\" data-index-in-node=\"0\">Personalized storytelling:<\/b> Deep artistic and cultural insights delivered by your dedicated Insider.<\/li>\n<\/ul>\n<div><span style=\"font-family: -apple-system, system-ui, Segoe UI, Roboto, Oxygen-Sans, Ubuntu, Cantarell, Helvetica Neue, sans-serif;\">&nbsp;<\/span><\/div>\n<h3 style=\"font-size: 1.5rem;\" data-path-to-node=\"11\">Description<\/h3>\n<div style=\"height: 1.2rem;\">&nbsp;<\/div>\n<div>\n<p>The insider will meet you&nbsp;at&nbsp;<a href=\"https:\/\/maps.app.goo.gl\/Hb1gDRciEHEPiBoo7\" target=\"_blank\" rel=\"noopener\">our starting point<\/a>&nbsp;close to Bab Doukkala, along the walls of the Medina on the new town side. Look for the brown gate, which should be open when you show up and a long ochre wall. You can enjoy a coffee or tea if you arrive early and maybe take a sneak peek in our garage.<\/p>\n<div style=\"height: 1.2rem;\">&nbsp;<\/div>\n<p>Perusing a vintage map together, your Insider will familiarize you with the city\u2019s layout, and discuss your itinerary with you, as well as any specific interests or requests. Just as each client is individual, so too is each Insider, so you can expect a highly engaging experience, personalized with memories, anecdotes and tidbits of knowledge &#8211; making every ride utterly unique, removed from well-trodden tourist trails and respectful of locals and their culture.<\/p>\n<div style=\"height: 1.2rem;\">&nbsp;<\/div>\n<p>You\u2019ll be provided with a helmet and given a safety briefing, before setting off on your sidecar adventure. Afterwards, your Insider will deliver you back to your hotel, or to a location of your choice in downtown Marrakech.<\/p>\n<div style=\"height: 1.2rem;\">&nbsp;<\/div>\n<p>All that\u2019s left to do is to choose your ride\u2026<\/p>\n<div style=\"height: 1.2rem;\">&nbsp;<\/div>\n<p><i>&#8212;&#8212;&#8212;&#8212;&#8212;<br><\/i><\/p>\n<div style=\"height: 1.2rem;\">&nbsp;<\/div>\n<p>Venture beyond the medina and the Palmeraie (palm grove) to Dar El Sadaka, a sculpture park actualised by the French artist Jean-Francois Fourtou. Your visit is even more unique because the property \u2013 the name of which means \u2018friendship\u2019 or \u2018charity\u2019 \u2013 is not open to the public, but only visited by those traveling with an Insider, or booking the property\u2019s entire 9-bedroom accommodation for a minimum of three nights.<\/p>\n<div style=\"height: 1.2rem;\">&nbsp;<\/div>\n<p>Prepare to have your perceptions skewed and your impressions tilted in this 25-acre site, which was originally bought by the artist\u2019s family with a view to creating a family home. Jean-Fran\u00e7ois Fourtou, who studied at \u00c9cole Nationale Sup\u00e9rieure des Beaux-Arts de Paris, delights in recreating visions from childhood and dreams \u2013 for example \u2018The Giant\u2019s House\u2019 recalls the feeling of being a child in a relative\u2019s home where everything seems huge, and where you are dwarfed by objects as basic as a toilet seat. \u2018The House fallen from the Sky\u2019 is a disconcerting journey into a dream of a house, quite literally, falling from the sky, with details \u2013 topsy-turvy as they are \u2013 lovingly recreated. Wander the grounds to discover other-worldly shapes hanging from trees and an army of sculpture-workers tending the vegetable plots, which provide the basis of meals at the property\u2019s private rental.<\/p>\n<div style=\"height: 1.2rem;\">&nbsp;<\/div>\n<p><b>NB<\/b>:&nbsp;<i>This itinerary is subject to change due to passengers&#8217; requests, holidays or weather conditions.<\/i><\/p>\n<div style=\"height: 1.2rem;\">&nbsp;<\/div>\n<p><i>&#8212;&#8212;&#8212;-<br><\/i><\/p>\n<div style=\"height: 1.2rem;\">&nbsp;<\/div>\n<p><b>Your ride is tailor-made, off the beaten path<\/b>&nbsp;and designed according to your level of knowledge of the area and your centers of interests, respectful of the local culture and all inclusive to offer you a memorable experience.<\/p>\n<div style=\"height: 1.2rem;\">&nbsp;<\/div>\n<p><b>CONTACT US<\/b>: If you are trying to book a last-minute ride within 24 hours or if you have any questions and just prefer talking to a human being we understand &#8211; you can <a href=\"mailto:in**@****************ce.com\" data-original-string=\"Id6wzDtZPfgc4AsEFMGQ5g==461Ahveqh4N2PgECtJyh8S9j+3S8O8tCkDThpkVeUq4c5E=\" title=\"This contact has been encoded by Anti-Spam by CleanTalk. Click to decode. To finish the decoding make sure that JavaScript is enabled in your browser.\" target=\"_blank\" rel=\"noopener\">email us<\/a> at the Contact us link or you can call us at +212 (0)5 25 81 40 40.&nbsp; We try to get back to everyone within 24 hours.<\/p>\n<\/div>\n<p data-path-to-node=\"16\"><b data-path-to-node=\"16\" data-index-in-node=\"0\">&nbsp;<\/b><\/p>\n<h3 style=\"font-size: 1.5rem;\" data-path-to-node=\"17\">Ride<\/h3>\n<div style=\"height: 1.2rem;\">&nbsp;<\/div>\n<p>As this is a private ride, you set the pace. Your insider will accompany you based upon what you want to see and how long you want to stop. And if you see something you like along the route, just yell STOP! Your wish is our command. Expect to spend about 50% of the time driving and 50% exploring on foot.<\/p>\n<div style=\"height: 1.2rem;\">&nbsp;<\/div>\n<ul>\n<li>The&nbsp;<b>price is per sidecar<\/b>, i.e. 2 people per vehicle.<\/li>\n<li><b>Maximum 2 people per sidecar<\/b> from 2 to 99 years old. Under the age of 12, each child must be accompanied by an adult.<\/li>\n<li>For safety reasons,&nbsp;<b>you are not allowed to drive&nbsp;<\/b>our sidecars.<\/li>\n<\/ul>\n<div style=\"height: 1.2rem;\">&nbsp;<\/div>\n<h3 style=\"font-size: 1.5rem;\" data-path-to-node=\"19\">Meeting Point<\/h3>\n<div style=\"height: 1.2rem;\">&nbsp;<\/div>\n<p><u>STANDARD MEETING POINT<\/u>: Your insider will meet you at&nbsp;<a href=\"https:\/\/maps.app.goo.gl\/Hb1gDRciEHEPiBoo7\" target=\"_blank\" rel=\"noopener\">our starting point&nbsp;<\/a>close to Bab Doukkala, along the walls of the Medina on the new town side. Look for the brown gate, which should be open when you show up and a long ochre wall. 5 minutes drive from Jemaa el Fna square.<\/p>\n<div style=\"height: 1.2rem;\">&nbsp;<\/div>\n<p><u>CUSTOM MEETING POINT<\/u>: Available only for La Mamounia hotel Guests. Please enter the number of vehicles needed on the next page. This service comes at the price of 200 MAD per vehicle.<\/p>\n<div style=\"height: 1.2rem;\">&nbsp;<\/div>\n<p>At the end of your ride, we will drop you off wherever you like in downtown Marrakech free of charge.<\/p>\n<div style=\"height: 1.2rem;\">&nbsp;<\/div>\n<h3 style=\"font-family: -apple-system, 'system-ui', 'Segoe UI', Roboto, Oxygen-Sans, Ubuntu, Cantarell, 'Helvetica Neue', sans-serif; font-weight: 400; font-size: 1.5rem; letter-spacing: normal; line-height: 1.3;\" data-path-to-node=\"21\">Languages<\/h3>\n<div style=\"font-family: Tahoma, sans-serif; font-size: 16px; height: 1.2rem;\">&nbsp;<\/div>\n<p style=\"line-height: 1.7; font-family: Tahoma, sans-serif; font-size: 16px;\">We offer rides in different languages. When you send us your booking form you can ask for an insider who speaks a language other than English (subject to availability)<\/p>\n<div style=\"height: 1.2rem;\">&nbsp;<\/div>\n<h3 style=\"font-family: -apple-system, 'system-ui', 'Segoe UI', Roboto, Oxygen-Sans, Ubuntu, Cantarell, 'Helvetica Neue', sans-serif; font-weight: 400; font-size: 1.5rem; letter-spacing: normal; line-height: 1.3;\" data-path-to-node=\"21\">Refund Policy<\/h3>\n<div style=\"font-family: Tahoma, sans-serif; font-size: 16px; height: 1.2rem;\">&nbsp;<\/div>\n<p style=\"line-height: 1.7; font-family: Tahoma, sans-serif; font-size: 16px;\">In case of no-show or if you cancel within 48 hours of your ride you will be responsible for the total amount of your ride<\/p>\t\t\t\t\t\t\t\t<\/div>\n\t\t\t\t<\/div>\n\t\t\t\t<div class=\"elementor-element elementor-element-952ed02 elementor-widget elementor-widget-heading\" data-id=\"952ed02\" data-element_type=\"widget\" data-e-type=\"widget\" data-widget_type=\"heading.default\">\n\t\t\t\t<div class=\"elementor-widget-container\">\n\t\t\t\t\t<h2 class=\"elementor-heading-title elementor-size-default\">What's included in this activity?<\/h2>\t\t\t\t<\/div>\n\t\t\t\t<\/div>\n\t\t\t\t<div class=\"elementor-element elementor-element-56dc1fb elementor-widget elementor-widget-text-editor\" data-id=\"56dc1fb\" data-element_type=\"widget\" data-e-type=\"widget\" data-widget_type=\"text-editor.default\">\n\t\t\t\t<div class=\"elementor-widget-container\">\n\t\t\t\t\t\t\t\t\t<ul><li><p data-path-to-node=\"25,0,0\"><b data-path-to-node=\"25,0,0\" data-index-in-node=\"0\">Transfers:<\/b> Drop-off at your hotel or a location of your choice in downtown Marrakech.<\/p><\/li><li><p data-path-to-node=\"25,1,0\"><b data-path-to-node=\"25,1,0\" data-index-in-node=\"0\">Vehicle:<\/b> Use of a characterful vintage sidecar (max 2 people per vehicle).<\/p><\/li><li><p data-path-to-node=\"25,2,0\"><b data-path-to-node=\"25,2,0\" data-index-in-node=\"0\">Guide:<\/b> A knowledgeable &#8220;Insider&#8221; immersed in local culture.<\/p><\/li><li><p data-path-to-node=\"25,3,0\"><b data-path-to-node=\"25,3,0\" data-index-in-node=\"0\">Equipment:<\/b> Helmets, waterproof gear, and fuel.<\/p><\/li><li><p data-path-to-node=\"25,4,0\"><b data-path-to-node=\"25,4,0\" data-index-in-node=\"0\">Entrances:<\/b> All site entrance fees included.<\/p><\/li><li><p data-path-to-node=\"25,5,0\"><b data-path-to-node=\"25,5,0\" data-index-in-node=\"0\">Hydration:<\/b> Refreshing drinks and bottled water.<\/p><\/li><\/ul><div style=\"height: 1.2rem;\">\u00a0<\/div><h3 style=\"font-size: 24px;\">Extras<\/h3><div style=\"height: 20px;\">\u00a0<\/div><p>Instant camera renting, tote bag&#8230; We do offer a wide array of options to make your ride truly comfortable and memorable. Discover them during your booking process.<\/p><div style=\"height: 20px;\">\u00a0<\/div>\t\t\t\t\t\t\t\t<\/div>\n\t\t\t\t<\/div>\n\t\t\t\t<div class=\"elementor-element elementor-element-8ef2dec elementor-widget elementor-widget-heading\" data-id=\"8ef2dec\" data-element_type=\"widget\" data-e-type=\"widget\" data-widget_type=\"heading.default\">\n\t\t\t\t<div class=\"elementor-widget-container\">\n\t\t\t\t\t<h2 class=\"elementor-heading-title elementor-size-default\">Help &amp; Questions<\/h2>\t\t\t\t<\/div>\n\t\t\t\t<\/div>\n\t\t\t\t<div class=\"elementor-element elementor-element-5c201a0 elementor-widget elementor-widget-text-editor\" data-id=\"5c201a0\" data-element_type=\"widget\" data-e-type=\"widget\" data-widget_type=\"text-editor.default\">\n\t\t\t\t<div class=\"elementor-widget-container\">\n\t\t\t\t\t\t\t\t\t<p>Visit our<a href=\"http:\/\/marrakechinsiders.com\/en\/help\/\" target=\"_blank\" rel=\"noopener\">\u00a0help page<\/a>\u00a0to find answers to your questions or contact us by email at\u00a0<a href=\"mailto:in**@****************ce.com\" data-original-string=\"RYlTDAz3pdhIsOqFbNJoMQ==461swdbLRdAwNFlLwOLyM11bNIiRFSEkyc7lQN8qGCiuIM=\" title=\"This contact has been encoded by Anti-Spam by CleanTalk. Click to decode. To finish the decoding make sure that JavaScript is enabled in your browser.\" target=\"_blank\" rel=\"noopener\"><span \n                data-original-string='iimHVM7v6cukXjAe8LKd0Q==461bABnM1qOLJsDGNvjOYqLNCF3UT+bp1LDCItDeYyvyYY='\n                class='apbct-email-encoder'\n                title='This contact has been encoded by Anti-Spam by CleanTalk. Click to decode. To finish the decoding make sure that JavaScript is enabled in your browser.'>in<span class=\"apbct-blur\">**<\/span>@<span class=\"apbct-blur\">****************<\/span>ce.com<\/span><\/a><\/p>\t\t\t\t\t\t\t\t<\/div>\n\t\t\t\t<\/div>\n\t\t\t\t<\/div>\n\t\t<div class=\"elementor-element elementor-element-385d27d e-con-full e-flex e-con e-child\" data-id=\"385d27d\" data-element_type=\"container\" data-e-type=\"container\" data-settings=\"{&quot;sticky&quot;:&quot;top&quot;,&quot;sticky_offset&quot;:100,&quot;sticky_parent&quot;:&quot;yes&quot;,&quot;sticky_on&quot;:[&quot;desktop&quot;,&quot;tablet&quot;,&quot;mobile&quot;],&quot;sticky_effects_offset&quot;:0,&quot;sticky_anchor_link_offset&quot;:0}\">\n\t\t\t\t<div class=\"elementor-element elementor-element-0c7582e elementor-widget elementor-widget-text-editor\" data-id=\"0c7582e\" data-element_type=\"widget\" data-e-type=\"widget\" data-widget_type=\"text-editor.default\">\n\t\t\t\t<div class=\"elementor-widget-container\">\n\t\t\t\t\t\t\t\t\t<p>From 491 \u20ac or 567 $ per sidecar<\/p>\t\t\t\t\t\t\t\t<\/div>\n\t\t\t\t<\/div>\n\t\t\t\t<div class=\"elementor-element elementor-element-b92c9f5 elementor-widget elementor-widget-html\" data-id=\"b92c9f5\" data-element_type=\"widget\" data-e-type=\"widget\" data-widget_type=\"html.default\">\n\t\t\t\t<div class=\"elementor-widget-container\">\n\t\t\t\t\t<script defer type=\"text\/javascript\" src=\"https:\/\/marrakechinsiders.rezdy.com\/pluginJs\"><\/script>\n<div id=\"rezdy-wrapper\"><\/div>\n<script>\nvar lang = document.documentElement.lang || 'en';\nif (lang.startsWith('fr')) lang = 'fr';\nelse if (lang.startsWith('es')) lang = 'es';\nelse lang = 'en';\n\ndocument.getElementById('rezdy-wrapper').innerHTML = \n    '<iframe class=\"rezdy\" style=\"border:none; overflow:hidden;\" src=\"https:\/\/marrakechinsiders.rezdy.com\/calendarWidget\/217413?iframe=true&lang=' + lang + '\" width=\"100%\" height=\"800px\" frameborder=\"0\"><\/iframe>';\n<\/script>\t\t\t\t<\/div>\n\t\t\t\t<\/div>\n\t\t\t\t<\/div>\n\t\t\t\t<\/div>\n\t\t<div class=\"elementor-element elementor-element-387721b e-flex e-con-boxed e-con e-parent\" data-id=\"387721b\" data-element_type=\"container\" data-e-type=\"container\">\n\t\t\t\t\t<div class=\"e-con-inner\">\n\t\t\t\t\t<\/div>\n\t\t\t\t<\/div>\n\t\t\t\t<\/div>\n\t\t","protected":false},"excerpt":{"rendered":"<p>The Sadaka Ride Private Sidecar Adventure &#8211; 3h Summary Ride off the beaten path through the\u00a0medina and the palm grove\u00a0to make your way towards Dar El Sadaka. Visit the incredible world of\u00a0Jean-Francois Fourtou&#8217;s sculpture park\u00a0in Dar El Sadaka, where the artist&#8217;s pieces are exposed, such as &#8220;The House Fallen From the Sky&#8221; and &#8220;The Giant\u2019s&hellip; <a class=\"more-link\" href=\"https:\/\/www.marrakechinsiders.com\/en_us\/the-sadaka-ride-private-sidecar-adventure-3h\/\">Continue reading <span class=\"screen-reader-text\">The Sadaka Ride Private Sidecar Adventure &#8211; 3h<\/span><\/a><\/p>\n","protected":false},"author":2,"featured_media":0,"parent":0,"menu_order":0,"comment_status":"closed","ping_status":"closed","template":"elementor_header_footer","meta":{"_acf_changed":false,"footnotes":""},"class_list":["post-3999","page","type-page","status-publish","hentry","entry"],"acf":[],"_links":{"self":[{"href":"https:\/\/www.marrakechinsiders.com\/en_us\/wp-json\/wp\/v2\/pages\/3999","targetHints":{"allow":["GET"]}}],"collection":[{"href":"https:\/\/www.marrakechinsiders.com\/en_us\/wp-json\/wp\/v2\/pages"}],"about":[{"href":"https:\/\/www.marrakechinsiders.com\/en_us\/wp-json\/wp\/v2\/types\/page"}],"author":[{"embeddable":true,"href":"https:\/\/www.marrakechinsiders.com\/en_us\/wp-json\/wp\/v2\/users\/2"}],"replies":[{"embeddable":true,"href":"https:\/\/www.marrakechinsiders.com\/en_us\/wp-json\/wp\/v2\/comments?post=3999"}],"version-history":[{"count":32,"href":"https:\/\/www.marrakechinsiders.com\/en_us\/wp-json\/wp\/v2\/pages\/3999\/revisions"}],"predecessor-version":[{"id":4212,"href":"https:\/\/www.marrakechinsiders.com\/en_us\/wp-json\/wp\/v2\/pages\/3999\/revisions\/4212"}],"wp:attachment":[{"href":"https:\/\/www.marrakechinsiders.com\/en_us\/wp-json\/wp\/v2\/media?parent=3999"}],"curies":[{"name":"wp","href":"https:\/\/api.w.org\/{rel}","templated":true}]}}